{"id":17593,"date":"2025-11-04T10:39:14","date_gmt":"2025-11-04T10:39:14","guid":{"rendered":"https:\/\/comuna.pt\/product\/tripe-matthews-mini-slider\/"},"modified":"2026-01-28T20:15:55","modified_gmt":"2026-01-28T20:15:55","slug":"tripe-matthews-mini-slider","status":"publish","type":"product","link":"https:\/\/comuna.pt\/pt-pt\/product\/tripe-matthews-mini-slider\/","title":{"rendered":"Trip\u00e9 Matthews Mini Slider"},"content":{"rendered":"<p data-start=\"0\" data-end=\"371\"><div class=\"booqable-product-button\" data-id=\"https-cvp-com-product-matthews-249564-mini-slider-stand\"><\/div><\/p>\n<p data-start=\"0\" data-end=\"371\">O Mini Slider Stand \u00e9 um suporte compacto e dur\u00e1vel concebido para produ\u00e7\u00f5es profissionais de cinema e fotografia. Constru\u00eddo com pernas e tubos de a\u00e7o s\u00f3lido, combina resist\u00eancia e portabilidade, sendo ideal para trabalho em est\u00fadio ou exteriores. Com uma capacidade de carga at\u00e9 80 lbs (36 kg), suporta facilmente sliders, ilumina\u00e7\u00e3o e rigs de c\u00e2mara sem comprometer a estabilidade.<\/p>\n<p data-start=\"373\" data-end=\"804\">Equipado com colares roscados espessos, o trip\u00e9 garante uma fixa\u00e7\u00e3o firme atrav\u00e9s dos man\u00edpulos em T e parafusos de ajuste, prevenindo movimentos indesejados. Os man\u00edpulos em T foram desenhados para permanecerem bloqueados e n\u00e3o ca\u00edrem das pe\u00e7as de fundi\u00e7\u00e3o do riser, oferecendo fiabilidade durante longas sess\u00f5es. Os seus trav\u00f5es de lat\u00e3o em forma de V refor\u00e7am a estabilidade com um contacto de tr\u00eas pontos, proporcionando um equil\u00edbrio e controlo superiores.<\/p>\n<p data-start=\"806\" data-end=\"1094\">O recetor junior soldado \u00e0 m\u00e1quina garante uma liga\u00e7\u00e3o robusta, tornando o suporte fi\u00e1vel mesmo para uso intensivo. Com um acabamento em revestimento de cromo preto militar, n\u00e3o s\u00f3 resiste ao desgaste como oferece uma apar\u00eancia elegante e profissional adequada a qualquer ambiente de produ\u00e7\u00e3o.<\/p>\n<p data-start=\"1096\" data-end=\"1387\">Comparado com o Slider Stand standard, a vers\u00e3o Mini oferece uma base menor, altura m\u00ednima e m\u00e1xima inferior e um peso total mais leve \u2014 perfeito para espa\u00e7os confinados ou configura\u00e7\u00f5es m\u00f3veis. No entanto, n\u00e3o inclui as pernas &#8220;Rocky Mountain&#8221;, que podem ser necess\u00e1rias para terrenos irregulares.<\/p>\n<p data-start=\"1389\" data-end=\"1554\">Pr\u00e1tico, robusto e f\u00e1cil de manusear, o <a href=\"https:\/\/cvp.com\/product\/matthews-249564-mini-slider-stand\">Mini Slider Stand<\/a> \u00e9 uma pe\u00e7a essencial de equipamento de grip para profissionais que valorizam a efici\u00eancia e estabilidade no set.<\/p>\n","protected":false},"excerpt":{"rendered":"<p>O Mini Slider Stand \u00e9 um suporte compacto e dur\u00e1vel concebido para produ\u00e7\u00f5es profissionais de cinema e fotografia. Constru\u00eddo com pernas e tubos de a\u00e7o s\u00f3lido, combina resist\u00eancia e portabilidade, sendo ideal para trabalho em est\u00fadio ou exteriores. Com uma capacidade de carga at\u00e9 80 lbs (36 kg), suporta facilmente sliders, ilumina\u00e7\u00e3o e rigs de [&hellip;]<\/p>\n","protected":false},"featured_media":17594,"template":"","meta":[],"product_brand":[],"product_cat":[805871],"product_tag":[],"class_list":{"0":"post-17593","1":"product","2":"type-product","3":"status-publish","4":"has-post-thumbnail","6":"product_cat-grip-e-tripes","8":"first","9":"instock","10":"taxable","11":"shipping-taxable","12":"purchasable","13":"product-type-simple"},"yoast_head":"<!-- This site is optimized with the Yoast SEO Premium plugin v27.4 (Yoast SEO v27.5) - https:\/\/yoast.com\/product\/yoast-seo-premium-wordpress\/ -->\n<title>Trip\u00e9 Matthews Mini Slider | Comuna Studios &amp; Equipment Rental<\/title>\n<meta name=\"description\" content=\"O Mini Slider Stand oferece resist\u00eancia, estabilidade e design compacto para cinema e fotografia. Constru\u00e7\u00e3o dur\u00e1vel, capacidade de 36kg e acabamento black chrome.\" \/>\n<meta name=\"robots\" content=\"index, follow, max-snippet:-1, max-image-preview:large, max-video-preview:-1\" \/>\n<link rel=\"canonical\" href=\"https:\/\/comuna.pt\/pt-pt\/product\/tripe-matthews-mini-slider\/\" \/>\n<meta property=\"og:locale\" content=\"pt_PT\" \/>\n<meta property=\"og:type\" content=\"article\" \/>\n<meta property=\"og:title\" content=\"Trip\u00e9 Matthews Mini Slider\" \/>\n<meta property=\"og:description\" content=\"O Mini Slider Stand oferece resist\u00eancia, estabilidade e design compacto para cinema e fotografia. Constru\u00e7\u00e3o dur\u00e1vel, capacidade de 36kg e acabamento black chrome.\" \/>\n<meta property=\"og:url\" content=\"https:\/\/comuna.pt\/pt-pt\/product\/tripe-matthews-mini-slider\/\" \/>\n<meta property=\"og:site_name\" content=\"Comuna Studios &amp; Equipment Rental\" \/>\n<meta property=\"article:publisher\" content=\"http:\/\/facebook.com\/comuna.rental\" \/>\n<meta property=\"article:modified_time\" content=\"2026-01-28T20:15:55+00:00\" \/>\n<meta property=\"og:image\" content=\"https:\/\/comuna.pt\/wp-content\/uploads\/2025\/11\/15-03-20221647345365ezgif.com-gif-maker-27-.jpg\" \/>\n\t<meta property=\"og:image:width\" content=\"1000\" \/>\n\t<meta property=\"og:image:height\" content=\"1000\" \/>\n\t<meta property=\"og:image:type\" content=\"image\/jpeg\" \/>\n<meta name=\"twitter:card\" content=\"summary_large_image\" \/>\n<meta name=\"twitter:label1\" content=\"pre\u00e7o\" \/>\n\t<meta name=\"twitter:data1\" content=\"&euro;6,00 + 23% VAT\" \/>\n\t<meta name=\"twitter:label2\" content=\"Disponibilidade\" \/>\n\t<meta name=\"twitter:data2\" content=\"Em stock\" \/>\n<script type=\"application\/ld+json\" class=\"yoast-schema-graph\">{\"@context\":\"https:\\\/\\\/schema.org\",\"@graph\":[{\"@type\":[\"WebPage\",\"ItemPage\"],\"@id\":\"https:\\\/\\\/comuna.pt\\\/pt-pt\\\/product\\\/tripe-matthews-mini-slider\\\/\",\"url\":\"https:\\\/\\\/comuna.pt\\\/pt-pt\\\/product\\\/tripe-matthews-mini-slider\\\/\",\"name\":\"Trip\u00e9 Matthews Mini Slider | Comuna Studios &amp; Equipment Rental\",\"isPartOf\":{\"@id\":\"https:\\\/\\\/comuna.pt\\\/pt-pt\\\/#website\"},\"primaryImageOfPage\":{\"@id\":\"https:\\\/\\\/comuna.pt\\\/pt-pt\\\/product\\\/tripe-matthews-mini-slider\\\/#primaryimage\"},\"image\":{\"@id\":\"https:\\\/\\\/comuna.pt\\\/pt-pt\\\/product\\\/tripe-matthews-mini-slider\\\/#primaryimage\"},\"thumbnailUrl\":\"https:\\\/\\\/comuna.pt\\\/wp-content\\\/uploads\\\/2025\\\/11\\\/15-03-20221647345365ezgif.com-gif-maker-27-.jpg\",\"datePublished\":\"2025-11-04T10:39:14+00:00\",\"dateModified\":\"2026-01-28T20:15:55+00:00\",\"description\":\"O Mini Slider Stand oferece resist\u00eancia, estabilidade e design compacto para cinema e fotografia. Constru\u00e7\u00e3o dur\u00e1vel, capacidade de 36kg e acabamento black chrome.\",\"breadcrumb\":{\"@id\":\"https:\\\/\\\/comuna.pt\\\/pt-pt\\\/product\\\/tripe-matthews-mini-slider\\\/#breadcrumb\"},\"inLanguage\":\"pt-PT\",\"potentialAction\":[{\"@type\":\"ReadAction\",\"target\":[\"https:\\\/\\\/comuna.pt\\\/pt-pt\\\/product\\\/tripe-matthews-mini-slider\\\/\"]}]},{\"@type\":\"ImageObject\",\"inLanguage\":\"pt-PT\",\"@id\":\"https:\\\/\\\/comuna.pt\\\/pt-pt\\\/product\\\/tripe-matthews-mini-slider\\\/#primaryimage\",\"url\":\"https:\\\/\\\/comuna.pt\\\/wp-content\\\/uploads\\\/2025\\\/11\\\/15-03-20221647345365ezgif.com-gif-maker-27-.jpg\",\"contentUrl\":\"https:\\\/\\\/comuna.pt\\\/wp-content\\\/uploads\\\/2025\\\/11\\\/15-03-20221647345365ezgif.com-gif-maker-27-.jpg\",\"width\":1000,\"height\":1000},{\"@type\":\"BreadcrumbList\",\"@id\":\"https:\\\/\\\/comuna.pt\\\/pt-pt\\\/product\\\/tripe-matthews-mini-slider\\\/#breadcrumb\",\"itemListElement\":[{\"@type\":\"ListItem\",\"position\":1,\"name\":\"Home\",\"item\":\"https:\\\/\\\/comuna.pt\\\/pt-pt\\\/\"},{\"@type\":\"ListItem\",\"position\":2,\"name\":\"Produtos\"},{\"@type\":\"ListItem\",\"position\":3,\"name\":\"Grip e Trip\u00e9s\",\"item\":\"https:\\\/\\\/comuna.pt\\\/pt-pt\\\/Categoria\\\/grip-e-tripes\\\/\"},{\"@type\":\"ListItem\",\"position\":4,\"name\":\"Trip\u00e9 Matthews Mini Slider\"}]},{\"@type\":\"WebSite\",\"@id\":\"https:\\\/\\\/comuna.pt\\\/pt-pt\\\/#website\",\"url\":\"https:\\\/\\\/comuna.pt\\\/pt-pt\\\/\",\"name\":\"Comuna Rental House\",\"description\":\"Photo studios, Podcast &amp; Equipment Rental\",\"publisher\":{\"@id\":\"https:\\\/\\\/comuna.pt\\\/pt-pt\\\/#organization\"},\"alternateName\":\"Comuna Filmmaking Equipment Rental\",\"potentialAction\":[{\"@type\":\"SearchAction\",\"target\":{\"@type\":\"EntryPoint\",\"urlTemplate\":\"https:\\\/\\\/comuna.pt\\\/pt-pt\\\/?s={search_term_string}\"},\"query-input\":{\"@type\":\"PropertyValueSpecification\",\"valueRequired\":true,\"valueName\":\"search_term_string\"}}],\"inLanguage\":\"pt-PT\"},{\"@type\":\"Organization\",\"@id\":\"https:\\\/\\\/comuna.pt\\\/pt-pt\\\/#organization\",\"name\":\"Comuna Rental House\",\"url\":\"https:\\\/\\\/comuna.pt\\\/pt-pt\\\/\",\"logo\":{\"@type\":\"ImageObject\",\"inLanguage\":\"pt-PT\",\"@id\":\"https:\\\/\\\/comuna.pt\\\/pt-pt\\\/#\\\/schema\\\/logo\\\/image\\\/\",\"url\":\"https:\\\/\\\/comuna.pt\\\/wp-content\\\/uploads\\\/2024\\\/03\\\/comuna_logo_website.png\",\"contentUrl\":\"https:\\\/\\\/comuna.pt\\\/wp-content\\\/uploads\\\/2024\\\/03\\\/comuna_logo_website.png\",\"width\":2000,\"height\":262,\"caption\":\"Comuna Rental House\"},\"image\":{\"@id\":\"https:\\\/\\\/comuna.pt\\\/pt-pt\\\/#\\\/schema\\\/logo\\\/image\\\/\"},\"sameAs\":[\"http:\\\/\\\/facebook.com\\\/comuna.rental\",\"https:\\\/\\\/www.instagram.com\\\/comuna_rental\",\"https:\\\/\\\/www.linkedin.com\\\/company\\\/96410498\"]}]}<\/script>\n<meta property=\"product:price:amount\" content=\"6.00\" \/>\n<meta property=\"product:price:currency\" content=\"EUR\" \/>\n<meta property=\"og:availability\" content=\"instock\" \/>\n<meta property=\"product:availability\" content=\"instock\" \/>\n<meta property=\"product:condition\" content=\"new\" \/>\n<!-- \/ Yoast SEO Premium plugin. -->","yoast_head_json":{"title":"Trip\u00e9 Matthews Mini Slider | Comuna Studios &amp; Equipment Rental","description":"O Mini Slider Stand oferece resist\u00eancia, estabilidade e design compacto para cinema e fotografia. Constru\u00e7\u00e3o dur\u00e1vel, capacidade de 36kg e acabamento black chrome.","robots":{"index":"index","follow":"follow","max-snippet":"max-snippet:-1","max-image-preview":"max-image-preview:large","max-video-preview":"max-video-preview:-1"},"canonical":"https:\/\/comuna.pt\/pt-pt\/product\/tripe-matthews-mini-slider\/","og_locale":"pt_PT","og_type":"article","og_title":"Trip\u00e9 Matthews Mini Slider","og_description":"O Mini Slider Stand oferece resist\u00eancia, estabilidade e design compacto para cinema e fotografia. Constru\u00e7\u00e3o dur\u00e1vel, capacidade de 36kg e acabamento black chrome.","og_url":"https:\/\/comuna.pt\/pt-pt\/product\/tripe-matthews-mini-slider\/","og_site_name":"Comuna Studios &amp; Equipment Rental","article_publisher":"http:\/\/facebook.com\/comuna.rental","article_modified_time":"2026-01-28T20:15:55+00:00","og_image":[{"width":1000,"height":1000,"url":"https:\/\/comuna.pt\/wp-content\/uploads\/2025\/11\/15-03-20221647345365ezgif.com-gif-maker-27-.jpg","type":"image\/jpeg"}],"twitter_card":"summary_large_image","twitter_misc":{"pre\u00e7o":"&euro;6,00 + 23% VAT","Disponibilidade":"Em stock"},"schema":{"@context":"https:\/\/schema.org","@graph":[{"@type":["WebPage","ItemPage"],"@id":"https:\/\/comuna.pt\/pt-pt\/product\/tripe-matthews-mini-slider\/","url":"https:\/\/comuna.pt\/pt-pt\/product\/tripe-matthews-mini-slider\/","name":"Trip\u00e9 Matthews Mini Slider | Comuna Studios &amp; Equipment Rental","isPartOf":{"@id":"https:\/\/comuna.pt\/pt-pt\/#website"},"primaryImageOfPage":{"@id":"https:\/\/comuna.pt\/pt-pt\/product\/tripe-matthews-mini-slider\/#primaryimage"},"image":{"@id":"https:\/\/comuna.pt\/pt-pt\/product\/tripe-matthews-mini-slider\/#primaryimage"},"thumbnailUrl":"https:\/\/comuna.pt\/wp-content\/uploads\/2025\/11\/15-03-20221647345365ezgif.com-gif-maker-27-.jpg","datePublished":"2025-11-04T10:39:14+00:00","dateModified":"2026-01-28T20:15:55+00:00","description":"O Mini Slider Stand oferece resist\u00eancia, estabilidade e design compacto para cinema e fotografia. Constru\u00e7\u00e3o dur\u00e1vel, capacidade de 36kg e acabamento black chrome.","breadcrumb":{"@id":"https:\/\/comuna.pt\/pt-pt\/product\/tripe-matthews-mini-slider\/#breadcrumb"},"inLanguage":"pt-PT","potentialAction":[{"@type":"ReadAction","target":["https:\/\/comuna.pt\/pt-pt\/product\/tripe-matthews-mini-slider\/"]}]},{"@type":"ImageObject","inLanguage":"pt-PT","@id":"https:\/\/comuna.pt\/pt-pt\/product\/tripe-matthews-mini-slider\/#primaryimage","url":"https:\/\/comuna.pt\/wp-content\/uploads\/2025\/11\/15-03-20221647345365ezgif.com-gif-maker-27-.jpg","contentUrl":"https:\/\/comuna.pt\/wp-content\/uploads\/2025\/11\/15-03-20221647345365ezgif.com-gif-maker-27-.jpg","width":1000,"height":1000},{"@type":"BreadcrumbList","@id":"https:\/\/comuna.pt\/pt-pt\/product\/tripe-matthews-mini-slider\/#breadcrumb","itemListElement":[{"@type":"ListItem","position":1,"name":"Home","item":"https:\/\/comuna.pt\/pt-pt\/"},{"@type":"ListItem","position":2,"name":"Produtos"},{"@type":"ListItem","position":3,"name":"Grip e Trip\u00e9s","item":"https:\/\/comuna.pt\/pt-pt\/Categoria\/grip-e-tripes\/"},{"@type":"ListItem","position":4,"name":"Trip\u00e9 Matthews Mini Slider"}]},{"@type":"WebSite","@id":"https:\/\/comuna.pt\/pt-pt\/#website","url":"https:\/\/comuna.pt\/pt-pt\/","name":"Comuna Rental House","description":"Photo studios, Podcast &amp; Equipment Rental","publisher":{"@id":"https:\/\/comuna.pt\/pt-pt\/#organization"},"alternateName":"Comuna Filmmaking Equipment Rental","potentialAction":[{"@type":"SearchAction","target":{"@type":"EntryPoint","urlTemplate":"https:\/\/comuna.pt\/pt-pt\/?s={search_term_string}"},"query-input":{"@type":"PropertyValueSpecification","valueRequired":true,"valueName":"search_term_string"}}],"inLanguage":"pt-PT"},{"@type":"Organization","@id":"https:\/\/comuna.pt\/pt-pt\/#organization","name":"Comuna Rental House","url":"https:\/\/comuna.pt\/pt-pt\/","logo":{"@type":"ImageObject","inLanguage":"pt-PT","@id":"https:\/\/comuna.pt\/pt-pt\/#\/schema\/logo\/image\/","url":"https:\/\/comuna.pt\/wp-content\/uploads\/2024\/03\/comuna_logo_website.png","contentUrl":"https:\/\/comuna.pt\/wp-content\/uploads\/2024\/03\/comuna_logo_website.png","width":2000,"height":262,"caption":"Comuna Rental House"},"image":{"@id":"https:\/\/comuna.pt\/pt-pt\/#\/schema\/logo\/image\/"},"sameAs":["http:\/\/facebook.com\/comuna.rental","https:\/\/www.instagram.com\/comuna_rental","https:\/\/www.linkedin.com\/company\/96410498"]}]},"product_price_amount":"6.00","product_price_currency":"EUR","og_availability":"instock","product_availability":"instock","product_condition":"new"},"_links":{"self":[{"href":"https:\/\/comuna.pt\/pt-pt\/wp-json\/wp\/v2\/product\/17593","targetHints":{"allow":["GET"]}}],"collection":[{"href":"https:\/\/comuna.pt\/pt-pt\/wp-json\/wp\/v2\/product"}],"about":[{"href":"https:\/\/comuna.pt\/pt-pt\/wp-json\/wp\/v2\/types\/product"}],"version-history":[{"count":1,"href":"https:\/\/comuna.pt\/pt-pt\/wp-json\/wp\/v2\/product\/17593\/revisions"}],"predecessor-version":[{"id":17597,"href":"https:\/\/comuna.pt\/pt-pt\/wp-json\/wp\/v2\/product\/17593\/revisions\/17597"}],"wp:featuredmedia":[{"embeddable":true,"href":"https:\/\/comuna.pt\/pt-pt\/wp-json\/wp\/v2\/media\/17594"}],"wp:attachment":[{"href":"https:\/\/comuna.pt\/pt-pt\/wp-json\/wp\/v2\/media?parent=17593"}],"wp:term":[{"taxonomy":"product_brand","embeddable":true,"href":"https:\/\/comuna.pt\/pt-pt\/wp-json\/wp\/v2\/product_brand?post=17593"},{"taxonomy":"product_cat","embeddable":true,"href":"https:\/\/comuna.pt\/pt-pt\/wp-json\/wp\/v2\/product_cat?post=17593"},{"taxonomy":"product_tag","embeddable":true,"href":"https:\/\/comuna.pt\/pt-pt\/wp-json\/wp\/v2\/product_tag?post=17593"}],"curies":[{"name":"wp","href":"https:\/\/api.w.org\/{rel}","templated":true}]}}