{"id":17559,"date":"2025-11-05T13:59:33","date_gmt":"2025-11-05T13:59:33","guid":{"rendered":"https:\/\/comuna.pt\/product\/hollyland-solidcom-se-pro-sistema-de-intercomunicacao-sem-fios-profissional\/"},"modified":"2025-11-05T13:59:33","modified_gmt":"2025-11-05T13:59:33","slug":"hollyland-solidcom-se-pro-sistema-de-intercomunicacao-sem-fios-profissional","status":"publish","type":"product","link":"https:\/\/comuna.pt\/pt-pt\/product\/hollyland-solidcom-se-pro-sistema-de-intercomunicacao-sem-fios-profissional\/","title":{"rendered":"Hollyland Solidcom SE Pro \u2014 Sistema de Intercomunica\u00e7\u00e3o Sem Fios Profissional"},"content":{"rendered":"<div>booqable_button id=&#8221;hollyland-solidcom-se-pro-6x&#8221;]<\/div>\n<div><\/div>\n<div class=\"p-rich_text_section\"><b data-stringify-type=\"bold\">O que est\u00e1 inclu\u00eddo:<\/b><\/div>\n<ul class=\"p-rich_text_list p-rich_text_list__bullet p-rich_text_list--nested\" data-stringify-type=\"unordered-list\" data-list-tree=\"true\" data-indent=\"0\" data-border=\"0\">\n<li data-stringify-indent=\"0\" data-stringify-border=\"0\">\u00d76 Headsets Solidcom<\/li>\n<li data-stringify-indent=\"0\" data-stringify-border=\"0\">\u00d76 Esponjas antivento (Windshields) para Microfones<\/li>\n<li data-stringify-indent=\"0\" data-stringify-border=\"0\">\u00d712 Baterias Recarreg\u00e1veis<\/li>\n<li data-stringify-indent=\"0\" data-stringify-border=\"0\">\u00d71 Esta\u00e7\u00e3o de Carregamento<\/li>\n<li data-stringify-indent=\"0\" data-stringify-border=\"0\">\u00d71 Adaptador de Carregamento<\/li>\n<li data-stringify-indent=\"0\" data-stringify-border=\"0\">\u00d71 Cabo USB-C \/ USB-A<\/li>\n<li data-stringify-indent=\"0\" data-stringify-border=\"0\">\u00d71 Mala de Transporte (Soft Case) Grande<\/li>\n<li data-stringify-indent=\"0\" data-stringify-border=\"0\">\u00d76 Bolsas para Headsets<\/li>\n<li data-stringify-indent=\"0\" data-stringify-border=\"0\">\u00d71 Caixa de Pl\u00e1stico Pequena<\/li>\n<\/ul>\n<p data-start=\"84\" data-end=\"584\"><a href=\"https:\/\/www.hollyland.com\/product\/solidcom-se-pro\">O Hollyland Solidcom SE Pro<\/a> \u00e9 um sistema de intercomunica\u00e7\u00e3o sem fios profissional concebido para equipas de produ\u00e7\u00e3o que exigem elevado desempenho, clareza e fiabilidade. Com um impressionante alcance de transmiss\u00e3o at\u00e9 400 metros, este sistema garante uma comunica\u00e7\u00e3o est\u00e1vel mesmo em ambientes complexos e ruidosos. Equipado com tecnologia de cancelamento de ru\u00eddo com microfone duplo, o Solidcom SE Pro oferece conversa\u00e7\u00f5es cristalinas e livres de interfer\u00eancias de fundo.<\/p>\n<p data-start=\"586\" data-end=\"950\">A sua autonomia de 10 horas proporciona a resist\u00eancia necess\u00e1ria para longos dias de rodagem, produ\u00e7\u00f5es ao ar livre ou eventos de dia inteiro. O sistema tamb\u00e9m inclui carregamento r\u00e1pido via USB-C, garantindo conveni\u00eancia e opera\u00e7\u00e3o cont\u00ednua. Com o seu design ergon\u00f3mico e configura\u00e7\u00e3o pr\u00e9-emparelhada, o Solidcom SE Pro \u00e9 simples de utilizar \u2014 basta ligar e come\u00e7ar a comunicar.<\/p>\n<p data-start=\"952\" data-end=\"1261\">Al\u00e9m disso, a sua constru\u00e7\u00e3o dur\u00e1vel e resistente \u00e0 \u00e1gua torna-o perfeito para condi\u00e7\u00f5es de filmagem exigentes e eventos exteriores. Seja para coordenar uma equipa de filmagem, gerir uma transmiss\u00e3o ou dirigir um espet\u00e1culo ao vivo, este sistema de intercomunica\u00e7\u00e3o mant\u00e9m todos os membros da equipa ligados com clareza e confian\u00e7a.<\/p>\n<p data-start=\"1263\" data-end=\"1514\">O Hollyland Solidcom SE Pro \u00e9 a escolha ideal para profissionais de cinema, \u00e1udio e produ\u00e7\u00e3o que procuram comunica\u00e7\u00e3o fi\u00e1vel, longa dura\u00e7\u00e3o de bateria e desempenho robusto num sistema compacto. Dispon\u00edvel para aluguer na Comuna Rental House.<\/p>\n","protected":false},"excerpt":{"rendered":"<p>booqable_button id=&#8221;hollyland-solidcom-se-pro-6x&#8221;] O que est\u00e1 inclu\u00eddo: \u00d76 Headsets Solidcom \u00d76 Esponjas antivento (Windshields) para Microfones \u00d712 Baterias Recarreg\u00e1veis \u00d71 Esta\u00e7\u00e3o de Carregamento \u00d71 Adaptador de Carregamento \u00d71 Cabo USB-C \/ USB-A \u00d71 Mala de Transporte (Soft Case) Grande \u00d76 Bolsas para Headsets \u00d71 Caixa de Pl\u00e1stico Pequena O Hollyland Solidcom SE Pro \u00e9 um sistema [&hellip;]<\/p>\n","protected":false},"featured_media":17560,"template":"","meta":[],"product_brand":[],"product_cat":[805872],"product_tag":[],"class_list":{"0":"post-17559","1":"product","2":"type-product","3":"status-publish","4":"has-post-thumbnail","6":"product_cat-som","8":"first","9":"instock","10":"sale","11":"taxable","12":"shipping-taxable","13":"purchasable","14":"product-type-simple"},"yoast_head":"<!-- This site is optimized with the Yoast SEO Premium plugin v27.4 (Yoast SEO v27.5) - https:\/\/yoast.com\/product\/yoast-seo-premium-wordpress\/ -->\n<title>Hollyland Solidcom SE Pro Sistema de Intercomunica\u00e7\u00e3o Sem Fios Profissional | Comuna Studios &amp; Equipment Rental<\/title>\n<meta name=\"description\" content=\"Intercomunicador sem fios fi\u00e1vel com alcance de 400m, cancelamento de ru\u00eddo de microfone duplo e bateria de 10h \u2014 ideal para equipas de cinema e live production.\" \/>\n<meta name=\"robots\" content=\"index, follow, max-snippet:-1, max-image-preview:large, max-video-preview:-1\" \/>\n<link rel=\"canonical\" href=\"https:\/\/comuna.pt\/pt-pt\/product\/hollyland-solidcom-se-pro-sistema-de-intercomunicacao-sem-fios-profissional\/\" \/>\n<meta property=\"og:locale\" content=\"pt_PT\" \/>\n<meta property=\"og:type\" content=\"article\" \/>\n<meta property=\"og:title\" content=\"Hollyland Solidcom SE Pro \u2014 Sistema de Intercomunica\u00e7\u00e3o Sem Fios Profissional\" \/>\n<meta property=\"og:description\" content=\"Intercomunicador sem fios fi\u00e1vel com alcance de 400m, cancelamento de ru\u00eddo de microfone duplo e bateria de 10h \u2014 ideal para equipas de cinema e live production.\" \/>\n<meta property=\"og:url\" content=\"https:\/\/comuna.pt\/pt-pt\/product\/hollyland-solidcom-se-pro-sistema-de-intercomunicacao-sem-fios-profissional\/\" \/>\n<meta property=\"og:site_name\" content=\"Comuna Studios &amp; Equipment Rental\" \/>\n<meta property=\"article:publisher\" content=\"http:\/\/facebook.com\/comuna.rental\" \/>\n<meta property=\"og:image\" content=\"https:\/\/comuna.pt\/wp-content\/uploads\/2025\/11\/Captura-de-ecra-2025-11-05-as-12.11.41.png\" \/>\n\t<meta property=\"og:image:width\" content=\"908\" \/>\n\t<meta property=\"og:image:height\" content=\"668\" \/>\n\t<meta property=\"og:image:type\" content=\"image\/png\" \/>\n<meta name=\"twitter:card\" content=\"summary_large_image\" \/>\n<meta name=\"twitter:label1\" content=\"pre\u00e7o\" \/>\n\t<meta name=\"twitter:data1\" content=\"&euro;60,00 + 23% VAT\" \/>\n\t<meta name=\"twitter:label2\" content=\"Disponibilidade\" \/>\n\t<meta name=\"twitter:data2\" content=\"Em stock\" \/>\n<script type=\"application\/ld+json\" class=\"yoast-schema-graph\">{\"@context\":\"https:\\\/\\\/schema.org\",\"@graph\":[{\"@type\":[\"WebPage\",\"ItemPage\"],\"@id\":\"https:\\\/\\\/comuna.pt\\\/pt-pt\\\/product\\\/hollyland-solidcom-se-pro-sistema-de-intercomunicacao-sem-fios-profissional\\\/\",\"url\":\"https:\\\/\\\/comuna.pt\\\/pt-pt\\\/product\\\/hollyland-solidcom-se-pro-sistema-de-intercomunicacao-sem-fios-profissional\\\/\",\"name\":\"Hollyland Solidcom SE Pro Sistema de Intercomunica\u00e7\u00e3o Sem Fios Profissional | Comuna Studios &amp; Equipment Rental\",\"isPartOf\":{\"@id\":\"https:\\\/\\\/comuna.pt\\\/pt-pt\\\/#website\"},\"primaryImageOfPage\":{\"@id\":\"https:\\\/\\\/comuna.pt\\\/pt-pt\\\/product\\\/hollyland-solidcom-se-pro-sistema-de-intercomunicacao-sem-fios-profissional\\\/#primaryimage\"},\"image\":{\"@id\":\"https:\\\/\\\/comuna.pt\\\/pt-pt\\\/product\\\/hollyland-solidcom-se-pro-sistema-de-intercomunicacao-sem-fios-profissional\\\/#primaryimage\"},\"thumbnailUrl\":\"https:\\\/\\\/comuna.pt\\\/wp-content\\\/uploads\\\/2025\\\/11\\\/Captura-de-ecra-2025-11-05-as-12.11.41.png\",\"datePublished\":\"2025-11-05T13:59:33+00:00\",\"description\":\"Intercomunicador sem fios fi\u00e1vel com alcance de 400m, cancelamento de ru\u00eddo de microfone duplo e bateria de 10h \u2014 ideal para equipas de cinema e live production.\",\"breadcrumb\":{\"@id\":\"https:\\\/\\\/comuna.pt\\\/pt-pt\\\/product\\\/hollyland-solidcom-se-pro-sistema-de-intercomunicacao-sem-fios-profissional\\\/#breadcrumb\"},\"inLanguage\":\"pt-PT\",\"potentialAction\":[{\"@type\":\"ReadAction\",\"target\":[\"https:\\\/\\\/comuna.pt\\\/pt-pt\\\/product\\\/hollyland-solidcom-se-pro-sistema-de-intercomunicacao-sem-fios-profissional\\\/\"]}]},{\"@type\":\"ImageObject\",\"inLanguage\":\"pt-PT\",\"@id\":\"https:\\\/\\\/comuna.pt\\\/pt-pt\\\/product\\\/hollyland-solidcom-se-pro-sistema-de-intercomunicacao-sem-fios-profissional\\\/#primaryimage\",\"url\":\"https:\\\/\\\/comuna.pt\\\/wp-content\\\/uploads\\\/2025\\\/11\\\/Captura-de-ecra-2025-11-05-as-12.11.41.png\",\"contentUrl\":\"https:\\\/\\\/comuna.pt\\\/wp-content\\\/uploads\\\/2025\\\/11\\\/Captura-de-ecra-2025-11-05-as-12.11.41.png\",\"width\":908,\"height\":668},{\"@type\":\"BreadcrumbList\",\"@id\":\"https:\\\/\\\/comuna.pt\\\/pt-pt\\\/product\\\/hollyland-solidcom-se-pro-sistema-de-intercomunicacao-sem-fios-profissional\\\/#breadcrumb\",\"itemListElement\":[{\"@type\":\"ListItem\",\"position\":1,\"name\":\"Home\",\"item\":\"https:\\\/\\\/comuna.pt\\\/pt-pt\\\/\"},{\"@type\":\"ListItem\",\"position\":2,\"name\":\"Produtos\"},{\"@type\":\"ListItem\",\"position\":3,\"name\":\"Som\",\"item\":\"https:\\\/\\\/comuna.pt\\\/pt-pt\\\/Categoria\\\/som\\\/\"},{\"@type\":\"ListItem\",\"position\":4,\"name\":\"Hollyland Solidcom SE Pro \u2014 Sistema de Intercomunica\u00e7\u00e3o Sem Fios Profissional\"}]},{\"@type\":\"WebSite\",\"@id\":\"https:\\\/\\\/comuna.pt\\\/pt-pt\\\/#website\",\"url\":\"https:\\\/\\\/comuna.pt\\\/pt-pt\\\/\",\"name\":\"Comuna Rental House\",\"description\":\"Photo studios, Podcast &amp; Equipment Rental\",\"publisher\":{\"@id\":\"https:\\\/\\\/comuna.pt\\\/pt-pt\\\/#organization\"},\"alternateName\":\"Comuna Filmmaking Equipment Rental\",\"potentialAction\":[{\"@type\":\"SearchAction\",\"target\":{\"@type\":\"EntryPoint\",\"urlTemplate\":\"https:\\\/\\\/comuna.pt\\\/pt-pt\\\/?s={search_term_string}\"},\"query-input\":{\"@type\":\"PropertyValueSpecification\",\"valueRequired\":true,\"valueName\":\"search_term_string\"}}],\"inLanguage\":\"pt-PT\"},{\"@type\":\"Organization\",\"@id\":\"https:\\\/\\\/comuna.pt\\\/pt-pt\\\/#organization\",\"name\":\"Comuna Rental House\",\"url\":\"https:\\\/\\\/comuna.pt\\\/pt-pt\\\/\",\"logo\":{\"@type\":\"ImageObject\",\"inLanguage\":\"pt-PT\",\"@id\":\"https:\\\/\\\/comuna.pt\\\/pt-pt\\\/#\\\/schema\\\/logo\\\/image\\\/\",\"url\":\"https:\\\/\\\/comuna.pt\\\/wp-content\\\/uploads\\\/2024\\\/03\\\/comuna_logo_website.png\",\"contentUrl\":\"https:\\\/\\\/comuna.pt\\\/wp-content\\\/uploads\\\/2024\\\/03\\\/comuna_logo_website.png\",\"width\":2000,\"height\":262,\"caption\":\"Comuna Rental House\"},\"image\":{\"@id\":\"https:\\\/\\\/comuna.pt\\\/pt-pt\\\/#\\\/schema\\\/logo\\\/image\\\/\"},\"sameAs\":[\"http:\\\/\\\/facebook.com\\\/comuna.rental\",\"https:\\\/\\\/www.instagram.com\\\/comuna_rental\",\"https:\\\/\\\/www.linkedin.com\\\/company\\\/96410498\"]}]}<\/script>\n<meta property=\"product:price:amount\" content=\"60.00\" \/>\n<meta property=\"product:price:currency\" content=\"EUR\" \/>\n<meta property=\"og:availability\" content=\"instock\" \/>\n<meta property=\"product:availability\" content=\"instock\" \/>\n<meta property=\"product:condition\" content=\"new\" \/>\n<!-- \/ Yoast SEO Premium plugin. -->","yoast_head_json":{"title":"Hollyland Solidcom SE Pro Sistema de Intercomunica\u00e7\u00e3o Sem Fios Profissional | Comuna Studios &amp; Equipment Rental","description":"Intercomunicador sem fios fi\u00e1vel com alcance de 400m, cancelamento de ru\u00eddo de microfone duplo e bateria de 10h \u2014 ideal para equipas de cinema e live production.","robots":{"index":"index","follow":"follow","max-snippet":"max-snippet:-1","max-image-preview":"max-image-preview:large","max-video-preview":"max-video-preview:-1"},"canonical":"https:\/\/comuna.pt\/pt-pt\/product\/hollyland-solidcom-se-pro-sistema-de-intercomunicacao-sem-fios-profissional\/","og_locale":"pt_PT","og_type":"article","og_title":"Hollyland Solidcom SE Pro \u2014 Sistema de Intercomunica\u00e7\u00e3o Sem Fios Profissional","og_description":"Intercomunicador sem fios fi\u00e1vel com alcance de 400m, cancelamento de ru\u00eddo de microfone duplo e bateria de 10h \u2014 ideal para equipas de cinema e live production.","og_url":"https:\/\/comuna.pt\/pt-pt\/product\/hollyland-solidcom-se-pro-sistema-de-intercomunicacao-sem-fios-profissional\/","og_site_name":"Comuna Studios &amp; Equipment Rental","article_publisher":"http:\/\/facebook.com\/comuna.rental","og_image":[{"width":908,"height":668,"url":"https:\/\/comuna.pt\/wp-content\/uploads\/2025\/11\/Captura-de-ecra-2025-11-05-as-12.11.41.png","type":"image\/png"}],"twitter_card":"summary_large_image","twitter_misc":{"pre\u00e7o":"&euro;60,00 + 23% VAT","Disponibilidade":"Em stock"},"schema":{"@context":"https:\/\/schema.org","@graph":[{"@type":["WebPage","ItemPage"],"@id":"https:\/\/comuna.pt\/pt-pt\/product\/hollyland-solidcom-se-pro-sistema-de-intercomunicacao-sem-fios-profissional\/","url":"https:\/\/comuna.pt\/pt-pt\/product\/hollyland-solidcom-se-pro-sistema-de-intercomunicacao-sem-fios-profissional\/","name":"Hollyland Solidcom SE Pro Sistema de Intercomunica\u00e7\u00e3o Sem Fios Profissional | Comuna Studios &amp; Equipment Rental","isPartOf":{"@id":"https:\/\/comuna.pt\/pt-pt\/#website"},"primaryImageOfPage":{"@id":"https:\/\/comuna.pt\/pt-pt\/product\/hollyland-solidcom-se-pro-sistema-de-intercomunicacao-sem-fios-profissional\/#primaryimage"},"image":{"@id":"https:\/\/comuna.pt\/pt-pt\/product\/hollyland-solidcom-se-pro-sistema-de-intercomunicacao-sem-fios-profissional\/#primaryimage"},"thumbnailUrl":"https:\/\/comuna.pt\/wp-content\/uploads\/2025\/11\/Captura-de-ecra-2025-11-05-as-12.11.41.png","datePublished":"2025-11-05T13:59:33+00:00","description":"Intercomunicador sem fios fi\u00e1vel com alcance de 400m, cancelamento de ru\u00eddo de microfone duplo e bateria de 10h \u2014 ideal para equipas de cinema e live production.","breadcrumb":{"@id":"https:\/\/comuna.pt\/pt-pt\/product\/hollyland-solidcom-se-pro-sistema-de-intercomunicacao-sem-fios-profissional\/#breadcrumb"},"inLanguage":"pt-PT","potentialAction":[{"@type":"ReadAction","target":["https:\/\/comuna.pt\/pt-pt\/product\/hollyland-solidcom-se-pro-sistema-de-intercomunicacao-sem-fios-profissional\/"]}]},{"@type":"ImageObject","inLanguage":"pt-PT","@id":"https:\/\/comuna.pt\/pt-pt\/product\/hollyland-solidcom-se-pro-sistema-de-intercomunicacao-sem-fios-profissional\/#primaryimage","url":"https:\/\/comuna.pt\/wp-content\/uploads\/2025\/11\/Captura-de-ecra-2025-11-05-as-12.11.41.png","contentUrl":"https:\/\/comuna.pt\/wp-content\/uploads\/2025\/11\/Captura-de-ecra-2025-11-05-as-12.11.41.png","width":908,"height":668},{"@type":"BreadcrumbList","@id":"https:\/\/comuna.pt\/pt-pt\/product\/hollyland-solidcom-se-pro-sistema-de-intercomunicacao-sem-fios-profissional\/#breadcrumb","itemListElement":[{"@type":"ListItem","position":1,"name":"Home","item":"https:\/\/comuna.pt\/pt-pt\/"},{"@type":"ListItem","position":2,"name":"Produtos"},{"@type":"ListItem","position":3,"name":"Som","item":"https:\/\/comuna.pt\/pt-pt\/Categoria\/som\/"},{"@type":"ListItem","position":4,"name":"Hollyland Solidcom SE Pro \u2014 Sistema de Intercomunica\u00e7\u00e3o Sem Fios Profissional"}]},{"@type":"WebSite","@id":"https:\/\/comuna.pt\/pt-pt\/#website","url":"https:\/\/comuna.pt\/pt-pt\/","name":"Comuna Rental House","description":"Photo studios, Podcast &amp; Equipment Rental","publisher":{"@id":"https:\/\/comuna.pt\/pt-pt\/#organization"},"alternateName":"Comuna Filmmaking Equipment Rental","potentialAction":[{"@type":"SearchAction","target":{"@type":"EntryPoint","urlTemplate":"https:\/\/comuna.pt\/pt-pt\/?s={search_term_string}"},"query-input":{"@type":"PropertyValueSpecification","valueRequired":true,"valueName":"search_term_string"}}],"inLanguage":"pt-PT"},{"@type":"Organization","@id":"https:\/\/comuna.pt\/pt-pt\/#organization","name":"Comuna Rental House","url":"https:\/\/comuna.pt\/pt-pt\/","logo":{"@type":"ImageObject","inLanguage":"pt-PT","@id":"https:\/\/comuna.pt\/pt-pt\/#\/schema\/logo\/image\/","url":"https:\/\/comuna.pt\/wp-content\/uploads\/2024\/03\/comuna_logo_website.png","contentUrl":"https:\/\/comuna.pt\/wp-content\/uploads\/2024\/03\/comuna_logo_website.png","width":2000,"height":262,"caption":"Comuna Rental House"},"image":{"@id":"https:\/\/comuna.pt\/pt-pt\/#\/schema\/logo\/image\/"},"sameAs":["http:\/\/facebook.com\/comuna.rental","https:\/\/www.instagram.com\/comuna_rental","https:\/\/www.linkedin.com\/company\/96410498"]}]},"product_price_amount":"60.00","product_price_currency":"EUR","og_availability":"instock","product_availability":"instock","product_condition":"new"},"_links":{"self":[{"href":"https:\/\/comuna.pt\/pt-pt\/wp-json\/wp\/v2\/product\/17559","targetHints":{"allow":["GET"]}}],"collection":[{"href":"https:\/\/comuna.pt\/pt-pt\/wp-json\/wp\/v2\/product"}],"about":[{"href":"https:\/\/comuna.pt\/pt-pt\/wp-json\/wp\/v2\/types\/product"}],"version-history":[{"count":0,"href":"https:\/\/comuna.pt\/pt-pt\/wp-json\/wp\/v2\/product\/17559\/revisions"}],"wp:featuredmedia":[{"embeddable":true,"href":"https:\/\/comuna.pt\/pt-pt\/wp-json\/wp\/v2\/media\/17560"}],"wp:attachment":[{"href":"https:\/\/comuna.pt\/pt-pt\/wp-json\/wp\/v2\/media?parent=17559"}],"wp:term":[{"taxonomy":"product_brand","embeddable":true,"href":"https:\/\/comuna.pt\/pt-pt\/wp-json\/wp\/v2\/product_brand?post=17559"},{"taxonomy":"product_cat","embeddable":true,"href":"https:\/\/comuna.pt\/pt-pt\/wp-json\/wp\/v2\/product_cat?post=17559"},{"taxonomy":"product_tag","embeddable":true,"href":"https:\/\/comuna.pt\/pt-pt\/wp-json\/wp\/v2\/product_tag?post=17559"}],"curies":[{"name":"wp","href":"https:\/\/api.w.org\/{rel}","templated":true}]}}