{"id":17481,"date":"2025-11-26T16:28:25","date_gmt":"2025-11-26T16:28:25","guid":{"rendered":"https:\/\/comuna.pt\/product\/dji-rs-4-pro-gimbal-combo-com-tilta-advanced-ring-grip\/"},"modified":"2026-01-28T20:13:31","modified_gmt":"2026-01-28T20:13:31","slug":"dji-rs-4-pro-gimbal-combo-com-tilta-advanced-ring-grip","status":"publish","type":"product","link":"https:\/\/comuna.pt\/pt-pt\/product\/dji-rs-4-pro-gimbal-combo-com-tilta-advanced-ring-grip\/","title":{"rendered":"DJI RS 4 Pro Gimbal Combo com Tilta Advanced Ring Grip"},"content":{"rendered":"<p data-start=\"168\" data-end=\"752\"><div class=\"booqable-product-button\" data-id=\"dji-rs-4-pro-gimbal-stabilizer-combo-with-tilta-advanced-ring-grip\"><\/div><\/p>\n<p data-start=\"168\" data-end=\"752\">O Estabilizador DJI RS 4 Pro Gimbal Combo evolui a gera\u00e7\u00e3o anterior com maior pot\u00eancia, equil\u00edbrio mais fluido e uma constru\u00e7\u00e3o em fibra de carbono refor\u00e7ada que mant\u00e9m o peso reduzido enquanto suporta rigs de c\u00e2mara mais pesados. Com a sua constru\u00e7\u00e3o robusta e elevada capacidade de carga (payload), o RS 4 Pro consegue suportar c\u00e2maras de cinema de m\u00e9dio porte, como a Sony FX6 ou Canon C70, equipadas com uma objetiva zoom 24\u201370mm. O ecr\u00e3 t\u00e1til OLED a cores atualizado, o bot\u00e3o de ajuste fino refinado e o algoritmo de estabiliza\u00e7\u00e3o melhorado tornam o RS 4 Pro uma ferramenta fi\u00e1vel e eficiente para produ\u00e7\u00f5es profissionais.<\/p>\n<p data-start=\"754\" data-end=\"1204\">O kit Combo adiciona um conjunto completo de acess\u00f3rios pr\u00e1ticos, incluindo o motor de foco 2022, kit de montagem de motor com fita de engrenagem, pega de maleta (briefcase handle), punho de bateria BG30, placa de liberta\u00e7\u00e3o r\u00e1pida, Transmissor de Imagem Ronin, suporte para telem\u00f3vel, cabos USB de controlo multi-c\u00e2mara, m\u00faltiplos cabos HDMI, cabos de alimenta\u00e7\u00e3o e uma fita de fixa\u00e7\u00e3o de lente. Inclui tamb\u00e9m acess\u00f3rios Tilta como adaptador V-mount, adaptador de fonte de alimenta\u00e7\u00e3o e um estojo macio acolchoado para transporte.<\/p>\n","protected":false},"excerpt":{"rendered":"<p>O Estabilizador DJI RS 4 Pro Gimbal Combo evolui a gera\u00e7\u00e3o anterior com maior pot\u00eancia, equil\u00edbrio mais fluido e uma constru\u00e7\u00e3o em fibra de carbono refor\u00e7ada que mant\u00e9m o peso reduzido enquanto suporta rigs de c\u00e2mara mais pesados. Com a sua constru\u00e7\u00e3o robusta e elevada capacidade de carga (payload), o RS 4 Pro consegue suportar [&hellip;]<\/p>\n","protected":false},"featured_media":17482,"template":"","meta":[],"product_brand":[],"product_cat":[805868],"product_tag":[],"class_list":{"0":"post-17481","1":"product","2":"type-product","3":"status-publish","4":"has-post-thumbnail","6":"product_cat-gimbals-e-drones","8":"first","9":"instock","10":"taxable","11":"shipping-taxable","12":"purchasable","13":"product-type-simple"},"yoast_head":"<!-- This site is optimized with the Yoast SEO Premium plugin v27.4 (Yoast SEO v27.5) - https:\/\/yoast.com\/product\/yoast-seo-premium-wordpress\/ -->\n<title>DJI RS 4 Pro Gimbal Stabilizer Combo com Tilta<\/title>\n<meta name=\"description\" content=\"O DJI RS 4 Pro com o Tilta Advanced Ring Grip oferece estabilidade de topo, motores potentes e controlo preciso para produ\u00e7\u00f5es profissionais com c\u00e2maras pesadas.\" \/>\n<meta name=\"robots\" content=\"index, follow, max-snippet:-1, max-image-preview:large, max-video-preview:-1\" \/>\n<link rel=\"canonical\" href=\"https:\/\/comuna.pt\/pt-pt\/product\/dji-rs-4-pro-gimbal-combo-com-tilta-advanced-ring-grip\/\" \/>\n<meta property=\"og:locale\" content=\"pt_PT\" \/>\n<meta property=\"og:type\" content=\"article\" \/>\n<meta property=\"og:title\" content=\"DJI RS 4 Pro Gimbal Combo com Tilta Advanced Ring Grip\" \/>\n<meta property=\"og:description\" content=\"O DJI RS 4 Pro com o Tilta Advanced Ring Grip oferece estabilidade de topo, motores potentes e controlo preciso para produ\u00e7\u00f5es profissionais com c\u00e2maras pesadas.\" \/>\n<meta property=\"og:url\" content=\"https:\/\/comuna.pt\/pt-pt\/product\/dji-rs-4-pro-gimbal-combo-com-tilta-advanced-ring-grip\/\" \/>\n<meta property=\"og:site_name\" content=\"Comuna Studios &amp; Equipment Rental\" \/>\n<meta property=\"article:publisher\" content=\"http:\/\/facebook.com\/comuna.rental\" \/>\n<meta property=\"article:modified_time\" content=\"2026-01-28T20:13:31+00:00\" \/>\n<meta property=\"og:image\" content=\"https:\/\/comuna.pt\/wp-content\/uploads\/2025\/11\/Captura-de-ecra-2025-11-26-as-16.27.47.png\" \/>\n\t<meta property=\"og:image:width\" content=\"1572\" \/>\n\t<meta property=\"og:image:height\" content=\"1224\" \/>\n\t<meta property=\"og:image:type\" content=\"image\/png\" \/>\n<meta name=\"twitter:card\" content=\"summary_large_image\" \/>\n<meta name=\"twitter:label1\" content=\"pre\u00e7o\" \/>\n\t<meta name=\"twitter:data1\" content=\"&euro;110,00 + 23% VAT\" \/>\n\t<meta name=\"twitter:label2\" content=\"Disponibilidade\" \/>\n\t<meta name=\"twitter:data2\" content=\"Em stock\" \/>\n<script type=\"application\/ld+json\" class=\"yoast-schema-graph\">{\"@context\":\"https:\\\/\\\/schema.org\",\"@graph\":[{\"@type\":[\"WebPage\",\"ItemPage\"],\"@id\":\"https:\\\/\\\/comuna.pt\\\/pt-pt\\\/product\\\/dji-rs-4-pro-gimbal-combo-com-tilta-advanced-ring-grip\\\/\",\"url\":\"https:\\\/\\\/comuna.pt\\\/pt-pt\\\/product\\\/dji-rs-4-pro-gimbal-combo-com-tilta-advanced-ring-grip\\\/\",\"name\":\"DJI RS 4 Pro Gimbal Stabilizer Combo com Tilta\",\"isPartOf\":{\"@id\":\"https:\\\/\\\/comuna.pt\\\/pt-pt\\\/#website\"},\"primaryImageOfPage\":{\"@id\":\"https:\\\/\\\/comuna.pt\\\/pt-pt\\\/product\\\/dji-rs-4-pro-gimbal-combo-com-tilta-advanced-ring-grip\\\/#primaryimage\"},\"image\":{\"@id\":\"https:\\\/\\\/comuna.pt\\\/pt-pt\\\/product\\\/dji-rs-4-pro-gimbal-combo-com-tilta-advanced-ring-grip\\\/#primaryimage\"},\"thumbnailUrl\":\"https:\\\/\\\/comuna.pt\\\/wp-content\\\/uploads\\\/2025\\\/11\\\/Captura-de-ecra-2025-11-26-as-16.27.47.png\",\"datePublished\":\"2025-11-26T16:28:25+00:00\",\"dateModified\":\"2026-01-28T20:13:31+00:00\",\"description\":\"O DJI RS 4 Pro com o Tilta Advanced Ring Grip oferece estabilidade de topo, motores potentes e controlo preciso para produ\u00e7\u00f5es profissionais com c\u00e2maras pesadas.\",\"breadcrumb\":{\"@id\":\"https:\\\/\\\/comuna.pt\\\/pt-pt\\\/product\\\/dji-rs-4-pro-gimbal-combo-com-tilta-advanced-ring-grip\\\/#breadcrumb\"},\"inLanguage\":\"pt-PT\",\"potentialAction\":[{\"@type\":\"ReadAction\",\"target\":[\"https:\\\/\\\/comuna.pt\\\/pt-pt\\\/product\\\/dji-rs-4-pro-gimbal-combo-com-tilta-advanced-ring-grip\\\/\"]}]},{\"@type\":\"ImageObject\",\"inLanguage\":\"pt-PT\",\"@id\":\"https:\\\/\\\/comuna.pt\\\/pt-pt\\\/product\\\/dji-rs-4-pro-gimbal-combo-com-tilta-advanced-ring-grip\\\/#primaryimage\",\"url\":\"https:\\\/\\\/comuna.pt\\\/wp-content\\\/uploads\\\/2025\\\/11\\\/Captura-de-ecra-2025-11-26-as-16.27.47.png\",\"contentUrl\":\"https:\\\/\\\/comuna.pt\\\/wp-content\\\/uploads\\\/2025\\\/11\\\/Captura-de-ecra-2025-11-26-as-16.27.47.png\",\"width\":1572,\"height\":1224},{\"@type\":\"BreadcrumbList\",\"@id\":\"https:\\\/\\\/comuna.pt\\\/pt-pt\\\/product\\\/dji-rs-4-pro-gimbal-combo-com-tilta-advanced-ring-grip\\\/#breadcrumb\",\"itemListElement\":[{\"@type\":\"ListItem\",\"position\":1,\"name\":\"Home\",\"item\":\"https:\\\/\\\/comuna.pt\\\/pt-pt\\\/\"},{\"@type\":\"ListItem\",\"position\":2,\"name\":\"Produtos\"},{\"@type\":\"ListItem\",\"position\":3,\"name\":\"Gimbals e Drones\",\"item\":\"https:\\\/\\\/comuna.pt\\\/pt-pt\\\/Categoria\\\/gimbals-e-drones\\\/\"},{\"@type\":\"ListItem\",\"position\":4,\"name\":\"DJI RS 4 Pro Gimbal Combo com Tilta Advanced Ring Grip\"}]},{\"@type\":\"WebSite\",\"@id\":\"https:\\\/\\\/comuna.pt\\\/pt-pt\\\/#website\",\"url\":\"https:\\\/\\\/comuna.pt\\\/pt-pt\\\/\",\"name\":\"Comuna Rental House\",\"description\":\"Photo studios, Podcast &amp; Equipment Rental\",\"publisher\":{\"@id\":\"https:\\\/\\\/comuna.pt\\\/pt-pt\\\/#organization\"},\"alternateName\":\"Comuna Filmmaking Equipment Rental\",\"potentialAction\":[{\"@type\":\"SearchAction\",\"target\":{\"@type\":\"EntryPoint\",\"urlTemplate\":\"https:\\\/\\\/comuna.pt\\\/pt-pt\\\/?s={search_term_string}\"},\"query-input\":{\"@type\":\"PropertyValueSpecification\",\"valueRequired\":true,\"valueName\":\"search_term_string\"}}],\"inLanguage\":\"pt-PT\"},{\"@type\":\"Organization\",\"@id\":\"https:\\\/\\\/comuna.pt\\\/pt-pt\\\/#organization\",\"name\":\"Comuna Rental House\",\"url\":\"https:\\\/\\\/comuna.pt\\\/pt-pt\\\/\",\"logo\":{\"@type\":\"ImageObject\",\"inLanguage\":\"pt-PT\",\"@id\":\"https:\\\/\\\/comuna.pt\\\/pt-pt\\\/#\\\/schema\\\/logo\\\/image\\\/\",\"url\":\"https:\\\/\\\/comuna.pt\\\/wp-content\\\/uploads\\\/2024\\\/03\\\/comuna_logo_website.png\",\"contentUrl\":\"https:\\\/\\\/comuna.pt\\\/wp-content\\\/uploads\\\/2024\\\/03\\\/comuna_logo_website.png\",\"width\":2000,\"height\":262,\"caption\":\"Comuna Rental House\"},\"image\":{\"@id\":\"https:\\\/\\\/comuna.pt\\\/pt-pt\\\/#\\\/schema\\\/logo\\\/image\\\/\"},\"sameAs\":[\"http:\\\/\\\/facebook.com\\\/comuna.rental\",\"https:\\\/\\\/www.instagram.com\\\/comuna_rental\",\"https:\\\/\\\/www.linkedin.com\\\/company\\\/96410498\"]}]}<\/script>\n<meta property=\"product:price:amount\" content=\"110.00\" \/>\n<meta property=\"product:price:currency\" content=\"EUR\" \/>\n<meta property=\"og:availability\" content=\"instock\" \/>\n<meta property=\"product:availability\" content=\"instock\" \/>\n<meta property=\"product:condition\" content=\"new\" \/>\n<!-- \/ Yoast SEO Premium plugin. -->","yoast_head_json":{"title":"DJI RS 4 Pro Gimbal Stabilizer Combo com Tilta","description":"O DJI RS 4 Pro com o Tilta Advanced Ring Grip oferece estabilidade de topo, motores potentes e controlo preciso para produ\u00e7\u00f5es profissionais com c\u00e2maras pesadas.","robots":{"index":"index","follow":"follow","max-snippet":"max-snippet:-1","max-image-preview":"max-image-preview:large","max-video-preview":"max-video-preview:-1"},"canonical":"https:\/\/comuna.pt\/pt-pt\/product\/dji-rs-4-pro-gimbal-combo-com-tilta-advanced-ring-grip\/","og_locale":"pt_PT","og_type":"article","og_title":"DJI RS 4 Pro Gimbal Combo com Tilta Advanced Ring Grip","og_description":"O DJI RS 4 Pro com o Tilta Advanced Ring Grip oferece estabilidade de topo, motores potentes e controlo preciso para produ\u00e7\u00f5es profissionais com c\u00e2maras pesadas.","og_url":"https:\/\/comuna.pt\/pt-pt\/product\/dji-rs-4-pro-gimbal-combo-com-tilta-advanced-ring-grip\/","og_site_name":"Comuna Studios &amp; Equipment Rental","article_publisher":"http:\/\/facebook.com\/comuna.rental","article_modified_time":"2026-01-28T20:13:31+00:00","og_image":[{"width":1572,"height":1224,"url":"https:\/\/comuna.pt\/wp-content\/uploads\/2025\/11\/Captura-de-ecra-2025-11-26-as-16.27.47.png","type":"image\/png"}],"twitter_card":"summary_large_image","twitter_misc":{"pre\u00e7o":"&euro;110,00 + 23% VAT","Disponibilidade":"Em stock"},"schema":{"@context":"https:\/\/schema.org","@graph":[{"@type":["WebPage","ItemPage"],"@id":"https:\/\/comuna.pt\/pt-pt\/product\/dji-rs-4-pro-gimbal-combo-com-tilta-advanced-ring-grip\/","url":"https:\/\/comuna.pt\/pt-pt\/product\/dji-rs-4-pro-gimbal-combo-com-tilta-advanced-ring-grip\/","name":"DJI RS 4 Pro Gimbal Stabilizer Combo com Tilta","isPartOf":{"@id":"https:\/\/comuna.pt\/pt-pt\/#website"},"primaryImageOfPage":{"@id":"https:\/\/comuna.pt\/pt-pt\/product\/dji-rs-4-pro-gimbal-combo-com-tilta-advanced-ring-grip\/#primaryimage"},"image":{"@id":"https:\/\/comuna.pt\/pt-pt\/product\/dji-rs-4-pro-gimbal-combo-com-tilta-advanced-ring-grip\/#primaryimage"},"thumbnailUrl":"https:\/\/comuna.pt\/wp-content\/uploads\/2025\/11\/Captura-de-ecra-2025-11-26-as-16.27.47.png","datePublished":"2025-11-26T16:28:25+00:00","dateModified":"2026-01-28T20:13:31+00:00","description":"O DJI RS 4 Pro com o Tilta Advanced Ring Grip oferece estabilidade de topo, motores potentes e controlo preciso para produ\u00e7\u00f5es profissionais com c\u00e2maras pesadas.","breadcrumb":{"@id":"https:\/\/comuna.pt\/pt-pt\/product\/dji-rs-4-pro-gimbal-combo-com-tilta-advanced-ring-grip\/#breadcrumb"},"inLanguage":"pt-PT","potentialAction":[{"@type":"ReadAction","target":["https:\/\/comuna.pt\/pt-pt\/product\/dji-rs-4-pro-gimbal-combo-com-tilta-advanced-ring-grip\/"]}]},{"@type":"ImageObject","inLanguage":"pt-PT","@id":"https:\/\/comuna.pt\/pt-pt\/product\/dji-rs-4-pro-gimbal-combo-com-tilta-advanced-ring-grip\/#primaryimage","url":"https:\/\/comuna.pt\/wp-content\/uploads\/2025\/11\/Captura-de-ecra-2025-11-26-as-16.27.47.png","contentUrl":"https:\/\/comuna.pt\/wp-content\/uploads\/2025\/11\/Captura-de-ecra-2025-11-26-as-16.27.47.png","width":1572,"height":1224},{"@type":"BreadcrumbList","@id":"https:\/\/comuna.pt\/pt-pt\/product\/dji-rs-4-pro-gimbal-combo-com-tilta-advanced-ring-grip\/#breadcrumb","itemListElement":[{"@type":"ListItem","position":1,"name":"Home","item":"https:\/\/comuna.pt\/pt-pt\/"},{"@type":"ListItem","position":2,"name":"Produtos"},{"@type":"ListItem","position":3,"name":"Gimbals e Drones","item":"https:\/\/comuna.pt\/pt-pt\/Categoria\/gimbals-e-drones\/"},{"@type":"ListItem","position":4,"name":"DJI RS 4 Pro Gimbal Combo com Tilta Advanced Ring Grip"}]},{"@type":"WebSite","@id":"https:\/\/comuna.pt\/pt-pt\/#website","url":"https:\/\/comuna.pt\/pt-pt\/","name":"Comuna Rental House","description":"Photo studios, Podcast &amp; Equipment Rental","publisher":{"@id":"https:\/\/comuna.pt\/pt-pt\/#organization"},"alternateName":"Comuna Filmmaking Equipment Rental","potentialAction":[{"@type":"SearchAction","target":{"@type":"EntryPoint","urlTemplate":"https:\/\/comuna.pt\/pt-pt\/?s={search_term_string}"},"query-input":{"@type":"PropertyValueSpecification","valueRequired":true,"valueName":"search_term_string"}}],"inLanguage":"pt-PT"},{"@type":"Organization","@id":"https:\/\/comuna.pt\/pt-pt\/#organization","name":"Comuna Rental House","url":"https:\/\/comuna.pt\/pt-pt\/","logo":{"@type":"ImageObject","inLanguage":"pt-PT","@id":"https:\/\/comuna.pt\/pt-pt\/#\/schema\/logo\/image\/","url":"https:\/\/comuna.pt\/wp-content\/uploads\/2024\/03\/comuna_logo_website.png","contentUrl":"https:\/\/comuna.pt\/wp-content\/uploads\/2024\/03\/comuna_logo_website.png","width":2000,"height":262,"caption":"Comuna Rental House"},"image":{"@id":"https:\/\/comuna.pt\/pt-pt\/#\/schema\/logo\/image\/"},"sameAs":["http:\/\/facebook.com\/comuna.rental","https:\/\/www.instagram.com\/comuna_rental","https:\/\/www.linkedin.com\/company\/96410498"]}]},"product_price_amount":"110.00","product_price_currency":"EUR","og_availability":"instock","product_availability":"instock","product_condition":"new"},"_links":{"self":[{"href":"https:\/\/comuna.pt\/pt-pt\/wp-json\/wp\/v2\/product\/17481","targetHints":{"allow":["GET"]}}],"collection":[{"href":"https:\/\/comuna.pt\/pt-pt\/wp-json\/wp\/v2\/product"}],"about":[{"href":"https:\/\/comuna.pt\/pt-pt\/wp-json\/wp\/v2\/types\/product"}],"version-history":[{"count":1,"href":"https:\/\/comuna.pt\/pt-pt\/wp-json\/wp\/v2\/product\/17481\/revisions"}],"predecessor-version":[{"id":17485,"href":"https:\/\/comuna.pt\/pt-pt\/wp-json\/wp\/v2\/product\/17481\/revisions\/17485"}],"wp:featuredmedia":[{"embeddable":true,"href":"https:\/\/comuna.pt\/pt-pt\/wp-json\/wp\/v2\/media\/17482"}],"wp:attachment":[{"href":"https:\/\/comuna.pt\/pt-pt\/wp-json\/wp\/v2\/media?parent=17481"}],"wp:term":[{"taxonomy":"product_brand","embeddable":true,"href":"https:\/\/comuna.pt\/pt-pt\/wp-json\/wp\/v2\/product_brand?post=17481"},{"taxonomy":"product_cat","embeddable":true,"href":"https:\/\/comuna.pt\/pt-pt\/wp-json\/wp\/v2\/product_cat?post=17481"},{"taxonomy":"product_tag","embeddable":true,"href":"https:\/\/comuna.pt\/pt-pt\/wp-json\/wp\/v2\/product_tag?post=17481"}],"curies":[{"name":"wp","href":"https:\/\/api.w.org\/{rel}","templated":true}]}}