{"id":16977,"date":"2025-12-05T15:34:56","date_gmt":"2025-12-05T15:34:56","guid":{"rendered":"https:\/\/comuna.pt\/product\/karcher-k-7-power-lavadora-de-alta-pressao\/"},"modified":"2026-01-28T20:09:34","modified_gmt":"2026-01-28T20:09:34","slug":"karcher-k-7-power-lavadora-de-alta-pressao","status":"publish","type":"product","link":"https:\/\/comuna.pt\/pt-pt\/product\/karcher-k-7-power-lavadora-de-alta-pressao\/","title":{"rendered":"K\u00e4rcher K 7 Power \u2013 Lavadora de Alta Press\u00e3o"},"content":{"rendered":"<p data-start=\"187\" data-end=\"510\"><div class=\"booqable-product-button\" data-id=\"add-karcher-k-7-power-pressure-washer\"><\/div><\/p>\n<p data-start=\"187\" data-end=\"510\">A <strong data-start=\"191\" data-end=\"228\">Lavadora de Alta Press\u00e3o K\u00e4rcher K 7 Power<\/strong> foi constru\u00edda para utilizadores que necessitam de um desempenho de limpeza forte e consistente em diversos ambientes. Com uma sa\u00edda de alta press\u00e3o e um motor dur\u00e1vel arrefecido a \u00e1gua, remove facilmente a sujidade dif\u00edcil em p\u00e1tios, ve\u00edculos, fachadas, \u00e1reas de equipamento e estruturas exteriores.<\/p>\n<p data-start=\"512\" data-end=\"821\">A sua <strong data-start=\"516\" data-end=\"549\">pistola Full Control Plus<\/strong> permite o ajuste preciso da press\u00e3o, garantindo controlo total ao alternar entre superf\u00edcies delicadas e limpeza pesada. O <strong data-start=\"673\" data-end=\"708\">sistema de detergente plug-and-clean<\/strong> acelera o fluxo de trabalho, facilitando a aplica\u00e7\u00e3o de agentes de limpeza em manchas profundas ou superf\u00edcies extensas.<\/p>\n<p data-start=\"823\" data-end=\"1156\">Concebida para uso regular e intensivo, a K 7 Power \u00e9 ideal para pequenas empresas, tarefas de manuten\u00e7\u00e3o, oficinas e qualquer pessoa que precise de uma lavadora de alta pot\u00eancia fi\u00e1vel. Acess\u00f3rios de liga\u00e7\u00e3o r\u00e1pida, uma mangueira longa e um corpo robusto tornam-na pr\u00e1tica para o trabalho di\u00e1rio ou limpeza profunda ocasional.<\/p>\n","protected":false},"excerpt":{"rendered":"<p>A Lavadora de Alta Press\u00e3o K\u00e4rcher K 7 Power foi constru\u00edda para utilizadores que necessitam de um desempenho de limpeza forte e consistente em diversos ambientes. Com uma sa\u00edda de alta press\u00e3o e um motor dur\u00e1vel arrefecido a \u00e1gua, remove facilmente a sujidade dif\u00edcil em p\u00e1tios, ve\u00edculos, fachadas, \u00e1reas de equipamento e estruturas exteriores. A [&hellip;]<\/p>\n","protected":false},"featured_media":16978,"template":"","meta":[],"product_brand":[],"product_cat":[805873],"product_tag":[],"class_list":{"0":"post-16977","1":"product","2":"type-product","3":"status-publish","4":"has-post-thumbnail","6":"product_cat-producao","8":"first","9":"instock","10":"taxable","11":"shipping-taxable","12":"purchasable","13":"product-type-simple"},"yoast_head":"<!-- This site is optimized with the Yoast SEO Premium plugin v27.4 (Yoast SEO v27.5) - https:\/\/yoast.com\/product\/yoast-seo-premium-wordpress\/ -->\n<title>K\u00e4rcher K 7 Power \u2013 Lavadora de Alta Press\u00e3o<\/title>\n<meta name=\"description\" content=\"Lavadora de alta press\u00e3o K\u00e4rcher K 7 Power \u2014 alto desempenho e durabilidade para limpeza exterior exigente. Remova sujidade e manchas com press\u00e3o potente e controlo preciso.\" \/>\n<meta name=\"robots\" content=\"index, follow, max-snippet:-1, max-image-preview:large, max-video-preview:-1\" \/>\n<link rel=\"canonical\" href=\"https:\/\/comuna.pt\/pt-pt\/product\/karcher-k-7-power-lavadora-de-alta-pressao\/\" \/>\n<meta property=\"og:locale\" content=\"pt_PT\" \/>\n<meta property=\"og:type\" content=\"article\" \/>\n<meta property=\"og:title\" content=\"K\u00e4rcher K 7 Power \u2013 Lavadora de Alta Press\u00e3o\" \/>\n<meta property=\"og:description\" content=\"Lavadora de alta press\u00e3o K\u00e4rcher K 7 Power \u2014 alto desempenho e durabilidade para limpeza exterior exigente. Remova sujidade e manchas com press\u00e3o potente e controlo preciso.\" \/>\n<meta property=\"og:url\" content=\"https:\/\/comuna.pt\/pt-pt\/product\/karcher-k-7-power-lavadora-de-alta-pressao\/\" \/>\n<meta property=\"og:site_name\" content=\"Comuna Studios &amp; Equipment Rental\" \/>\n<meta property=\"article:publisher\" content=\"http:\/\/facebook.com\/comuna.rental\" \/>\n<meta property=\"article:modified_time\" content=\"2026-01-28T20:09:34+00:00\" \/>\n<meta property=\"og:image\" content=\"https:\/\/comuna.pt\/wp-content\/uploads\/2025\/12\/1448-karcher-k-7-smart-control-flex-hidrolimpiadora-3000w-180-bar.webp\" \/>\n\t<meta property=\"og:image:width\" content=\"530\" \/>\n\t<meta property=\"og:image:height\" content=\"530\" \/>\n\t<meta property=\"og:image:type\" content=\"image\/webp\" \/>\n<meta name=\"twitter:card\" content=\"summary_large_image\" \/>\n<meta name=\"twitter:label1\" content=\"pre\u00e7o\" \/>\n\t<meta name=\"twitter:data1\" content=\"&euro;30,00 + 23% VAT\" \/>\n\t<meta name=\"twitter:label2\" content=\"Disponibilidade\" \/>\n\t<meta name=\"twitter:data2\" content=\"Em stock\" \/>\n<script type=\"application\/ld+json\" class=\"yoast-schema-graph\">{\"@context\":\"https:\\\/\\\/schema.org\",\"@graph\":[{\"@type\":[\"WebPage\",\"ItemPage\"],\"@id\":\"https:\\\/\\\/comuna.pt\\\/pt-pt\\\/product\\\/karcher-k-7-power-lavadora-de-alta-pressao\\\/\",\"url\":\"https:\\\/\\\/comuna.pt\\\/pt-pt\\\/product\\\/karcher-k-7-power-lavadora-de-alta-pressao\\\/\",\"name\":\"K\u00e4rcher K 7 Power \u2013 Lavadora de Alta Press\u00e3o\",\"isPartOf\":{\"@id\":\"https:\\\/\\\/comuna.pt\\\/pt-pt\\\/#website\"},\"primaryImageOfPage\":{\"@id\":\"https:\\\/\\\/comuna.pt\\\/pt-pt\\\/product\\\/karcher-k-7-power-lavadora-de-alta-pressao\\\/#primaryimage\"},\"image\":{\"@id\":\"https:\\\/\\\/comuna.pt\\\/pt-pt\\\/product\\\/karcher-k-7-power-lavadora-de-alta-pressao\\\/#primaryimage\"},\"thumbnailUrl\":\"https:\\\/\\\/comuna.pt\\\/wp-content\\\/uploads\\\/2025\\\/12\\\/1448-karcher-k-7-smart-control-flex-hidrolimpiadora-3000w-180-bar.webp\",\"datePublished\":\"2025-12-05T15:34:56+00:00\",\"dateModified\":\"2026-01-28T20:09:34+00:00\",\"description\":\"Lavadora de alta press\u00e3o K\u00e4rcher K 7 Power \u2014 alto desempenho e durabilidade para limpeza exterior exigente. Remova sujidade e manchas com press\u00e3o potente e controlo preciso.\",\"breadcrumb\":{\"@id\":\"https:\\\/\\\/comuna.pt\\\/pt-pt\\\/product\\\/karcher-k-7-power-lavadora-de-alta-pressao\\\/#breadcrumb\"},\"inLanguage\":\"pt-PT\",\"potentialAction\":[{\"@type\":\"ReadAction\",\"target\":[\"https:\\\/\\\/comuna.pt\\\/pt-pt\\\/product\\\/karcher-k-7-power-lavadora-de-alta-pressao\\\/\"]}]},{\"@type\":\"ImageObject\",\"inLanguage\":\"pt-PT\",\"@id\":\"https:\\\/\\\/comuna.pt\\\/pt-pt\\\/product\\\/karcher-k-7-power-lavadora-de-alta-pressao\\\/#primaryimage\",\"url\":\"https:\\\/\\\/comuna.pt\\\/wp-content\\\/uploads\\\/2025\\\/12\\\/1448-karcher-k-7-smart-control-flex-hidrolimpiadora-3000w-180-bar.webp\",\"contentUrl\":\"https:\\\/\\\/comuna.pt\\\/wp-content\\\/uploads\\\/2025\\\/12\\\/1448-karcher-k-7-smart-control-flex-hidrolimpiadora-3000w-180-bar.webp\",\"width\":530,\"height\":530},{\"@type\":\"BreadcrumbList\",\"@id\":\"https:\\\/\\\/comuna.pt\\\/pt-pt\\\/product\\\/karcher-k-7-power-lavadora-de-alta-pressao\\\/#breadcrumb\",\"itemListElement\":[{\"@type\":\"ListItem\",\"position\":1,\"name\":\"Home\",\"item\":\"https:\\\/\\\/comuna.pt\\\/pt-pt\\\/\"},{\"@type\":\"ListItem\",\"position\":2,\"name\":\"Produtos\"},{\"@type\":\"ListItem\",\"position\":3,\"name\":\"Produ\u00e7\u00e3o\",\"item\":\"https:\\\/\\\/comuna.pt\\\/pt-pt\\\/Categoria\\\/producao\\\/\"},{\"@type\":\"ListItem\",\"position\":4,\"name\":\"K\u00e4rcher K 7 Power \u2013 Lavadora de Alta Press\u00e3o\"}]},{\"@type\":\"WebSite\",\"@id\":\"https:\\\/\\\/comuna.pt\\\/pt-pt\\\/#website\",\"url\":\"https:\\\/\\\/comuna.pt\\\/pt-pt\\\/\",\"name\":\"Comuna Rental House\",\"description\":\"Photo studios, Podcast &amp; Equipment Rental\",\"publisher\":{\"@id\":\"https:\\\/\\\/comuna.pt\\\/pt-pt\\\/#organization\"},\"alternateName\":\"Comuna Filmmaking Equipment Rental\",\"potentialAction\":[{\"@type\":\"SearchAction\",\"target\":{\"@type\":\"EntryPoint\",\"urlTemplate\":\"https:\\\/\\\/comuna.pt\\\/pt-pt\\\/?s={search_term_string}\"},\"query-input\":{\"@type\":\"PropertyValueSpecification\",\"valueRequired\":true,\"valueName\":\"search_term_string\"}}],\"inLanguage\":\"pt-PT\"},{\"@type\":\"Organization\",\"@id\":\"https:\\\/\\\/comuna.pt\\\/pt-pt\\\/#organization\",\"name\":\"Comuna Rental House\",\"url\":\"https:\\\/\\\/comuna.pt\\\/pt-pt\\\/\",\"logo\":{\"@type\":\"ImageObject\",\"inLanguage\":\"pt-PT\",\"@id\":\"https:\\\/\\\/comuna.pt\\\/pt-pt\\\/#\\\/schema\\\/logo\\\/image\\\/\",\"url\":\"https:\\\/\\\/comuna.pt\\\/wp-content\\\/uploads\\\/2024\\\/03\\\/comuna_logo_website.png\",\"contentUrl\":\"https:\\\/\\\/comuna.pt\\\/wp-content\\\/uploads\\\/2024\\\/03\\\/comuna_logo_website.png\",\"width\":2000,\"height\":262,\"caption\":\"Comuna Rental House\"},\"image\":{\"@id\":\"https:\\\/\\\/comuna.pt\\\/pt-pt\\\/#\\\/schema\\\/logo\\\/image\\\/\"},\"sameAs\":[\"http:\\\/\\\/facebook.com\\\/comuna.rental\",\"https:\\\/\\\/www.instagram.com\\\/comuna_rental\",\"https:\\\/\\\/www.linkedin.com\\\/company\\\/96410498\"]}]}<\/script>\n<meta property=\"product:price:amount\" content=\"30.00\" \/>\n<meta property=\"product:price:currency\" content=\"EUR\" \/>\n<meta property=\"og:availability\" content=\"instock\" \/>\n<meta property=\"product:availability\" content=\"instock\" \/>\n<meta property=\"product:condition\" content=\"new\" \/>\n<!-- \/ Yoast SEO Premium plugin. -->","yoast_head_json":{"title":"K\u00e4rcher K 7 Power \u2013 Lavadora de Alta Press\u00e3o","description":"Lavadora de alta press\u00e3o K\u00e4rcher K 7 Power \u2014 alto desempenho e durabilidade para limpeza exterior exigente. Remova sujidade e manchas com press\u00e3o potente e controlo preciso.","robots":{"index":"index","follow":"follow","max-snippet":"max-snippet:-1","max-image-preview":"max-image-preview:large","max-video-preview":"max-video-preview:-1"},"canonical":"https:\/\/comuna.pt\/pt-pt\/product\/karcher-k-7-power-lavadora-de-alta-pressao\/","og_locale":"pt_PT","og_type":"article","og_title":"K\u00e4rcher K 7 Power \u2013 Lavadora de Alta Press\u00e3o","og_description":"Lavadora de alta press\u00e3o K\u00e4rcher K 7 Power \u2014 alto desempenho e durabilidade para limpeza exterior exigente. Remova sujidade e manchas com press\u00e3o potente e controlo preciso.","og_url":"https:\/\/comuna.pt\/pt-pt\/product\/karcher-k-7-power-lavadora-de-alta-pressao\/","og_site_name":"Comuna Studios &amp; Equipment Rental","article_publisher":"http:\/\/facebook.com\/comuna.rental","article_modified_time":"2026-01-28T20:09:34+00:00","og_image":[{"width":530,"height":530,"url":"https:\/\/comuna.pt\/wp-content\/uploads\/2025\/12\/1448-karcher-k-7-smart-control-flex-hidrolimpiadora-3000w-180-bar.webp","type":"image\/webp"}],"twitter_card":"summary_large_image","twitter_misc":{"pre\u00e7o":"&euro;30,00 + 23% VAT","Disponibilidade":"Em stock"},"schema":{"@context":"https:\/\/schema.org","@graph":[{"@type":["WebPage","ItemPage"],"@id":"https:\/\/comuna.pt\/pt-pt\/product\/karcher-k-7-power-lavadora-de-alta-pressao\/","url":"https:\/\/comuna.pt\/pt-pt\/product\/karcher-k-7-power-lavadora-de-alta-pressao\/","name":"K\u00e4rcher K 7 Power \u2013 Lavadora de Alta Press\u00e3o","isPartOf":{"@id":"https:\/\/comuna.pt\/pt-pt\/#website"},"primaryImageOfPage":{"@id":"https:\/\/comuna.pt\/pt-pt\/product\/karcher-k-7-power-lavadora-de-alta-pressao\/#primaryimage"},"image":{"@id":"https:\/\/comuna.pt\/pt-pt\/product\/karcher-k-7-power-lavadora-de-alta-pressao\/#primaryimage"},"thumbnailUrl":"https:\/\/comuna.pt\/wp-content\/uploads\/2025\/12\/1448-karcher-k-7-smart-control-flex-hidrolimpiadora-3000w-180-bar.webp","datePublished":"2025-12-05T15:34:56+00:00","dateModified":"2026-01-28T20:09:34+00:00","description":"Lavadora de alta press\u00e3o K\u00e4rcher K 7 Power \u2014 alto desempenho e durabilidade para limpeza exterior exigente. Remova sujidade e manchas com press\u00e3o potente e controlo preciso.","breadcrumb":{"@id":"https:\/\/comuna.pt\/pt-pt\/product\/karcher-k-7-power-lavadora-de-alta-pressao\/#breadcrumb"},"inLanguage":"pt-PT","potentialAction":[{"@type":"ReadAction","target":["https:\/\/comuna.pt\/pt-pt\/product\/karcher-k-7-power-lavadora-de-alta-pressao\/"]}]},{"@type":"ImageObject","inLanguage":"pt-PT","@id":"https:\/\/comuna.pt\/pt-pt\/product\/karcher-k-7-power-lavadora-de-alta-pressao\/#primaryimage","url":"https:\/\/comuna.pt\/wp-content\/uploads\/2025\/12\/1448-karcher-k-7-smart-control-flex-hidrolimpiadora-3000w-180-bar.webp","contentUrl":"https:\/\/comuna.pt\/wp-content\/uploads\/2025\/12\/1448-karcher-k-7-smart-control-flex-hidrolimpiadora-3000w-180-bar.webp","width":530,"height":530},{"@type":"BreadcrumbList","@id":"https:\/\/comuna.pt\/pt-pt\/product\/karcher-k-7-power-lavadora-de-alta-pressao\/#breadcrumb","itemListElement":[{"@type":"ListItem","position":1,"name":"Home","item":"https:\/\/comuna.pt\/pt-pt\/"},{"@type":"ListItem","position":2,"name":"Produtos"},{"@type":"ListItem","position":3,"name":"Produ\u00e7\u00e3o","item":"https:\/\/comuna.pt\/pt-pt\/Categoria\/producao\/"},{"@type":"ListItem","position":4,"name":"K\u00e4rcher K 7 Power \u2013 Lavadora de Alta Press\u00e3o"}]},{"@type":"WebSite","@id":"https:\/\/comuna.pt\/pt-pt\/#website","url":"https:\/\/comuna.pt\/pt-pt\/","name":"Comuna Rental House","description":"Photo studios, Podcast &amp; Equipment Rental","publisher":{"@id":"https:\/\/comuna.pt\/pt-pt\/#organization"},"alternateName":"Comuna Filmmaking Equipment Rental","potentialAction":[{"@type":"SearchAction","target":{"@type":"EntryPoint","urlTemplate":"https:\/\/comuna.pt\/pt-pt\/?s={search_term_string}"},"query-input":{"@type":"PropertyValueSpecification","valueRequired":true,"valueName":"search_term_string"}}],"inLanguage":"pt-PT"},{"@type":"Organization","@id":"https:\/\/comuna.pt\/pt-pt\/#organization","name":"Comuna Rental House","url":"https:\/\/comuna.pt\/pt-pt\/","logo":{"@type":"ImageObject","inLanguage":"pt-PT","@id":"https:\/\/comuna.pt\/pt-pt\/#\/schema\/logo\/image\/","url":"https:\/\/comuna.pt\/wp-content\/uploads\/2024\/03\/comuna_logo_website.png","contentUrl":"https:\/\/comuna.pt\/wp-content\/uploads\/2024\/03\/comuna_logo_website.png","width":2000,"height":262,"caption":"Comuna Rental House"},"image":{"@id":"https:\/\/comuna.pt\/pt-pt\/#\/schema\/logo\/image\/"},"sameAs":["http:\/\/facebook.com\/comuna.rental","https:\/\/www.instagram.com\/comuna_rental","https:\/\/www.linkedin.com\/company\/96410498"]}]},"product_price_amount":"30.00","product_price_currency":"EUR","og_availability":"instock","product_availability":"instock","product_condition":"new"},"_links":{"self":[{"href":"https:\/\/comuna.pt\/pt-pt\/wp-json\/wp\/v2\/product\/16977","targetHints":{"allow":["GET"]}}],"collection":[{"href":"https:\/\/comuna.pt\/pt-pt\/wp-json\/wp\/v2\/product"}],"about":[{"href":"https:\/\/comuna.pt\/pt-pt\/wp-json\/wp\/v2\/types\/product"}],"version-history":[{"count":26,"href":"https:\/\/comuna.pt\/pt-pt\/wp-json\/wp\/v2\/product\/16977\/revisions"}],"predecessor-version":[{"id":17413,"href":"https:\/\/comuna.pt\/pt-pt\/wp-json\/wp\/v2\/product\/16977\/revisions\/17413"}],"wp:featuredmedia":[{"embeddable":true,"href":"https:\/\/comuna.pt\/pt-pt\/wp-json\/wp\/v2\/media\/16978"}],"wp:attachment":[{"href":"https:\/\/comuna.pt\/pt-pt\/wp-json\/wp\/v2\/media?parent=16977"}],"wp:term":[{"taxonomy":"product_brand","embeddable":true,"href":"https:\/\/comuna.pt\/pt-pt\/wp-json\/wp\/v2\/product_brand?post=16977"},{"taxonomy":"product_cat","embeddable":true,"href":"https:\/\/comuna.pt\/pt-pt\/wp-json\/wp\/v2\/product_cat?post=16977"},{"taxonomy":"product_tag","embeddable":true,"href":"https:\/\/comuna.pt\/pt-pt\/wp-json\/wp\/v2\/product_tag?post=16977"}],"curies":[{"name":"wp","href":"https:\/\/api.w.org\/{rel}","templated":true}]}}