{"id":16947,"date":"2025-12-30T14:36:16","date_gmt":"2025-12-30T14:36:16","guid":{"rendered":"https:\/\/comuna.pt\/product\/carregador-quadruplo-de-baterias-swit-v-mount\/"},"modified":"2026-01-28T20:08:24","modified_gmt":"2026-01-28T20:08:24","slug":"carregador-quadruplo-de-baterias-swit-v-mount","status":"publish","type":"product","link":"https:\/\/comuna.pt\/pt-pt\/product\/carregador-quadruplo-de-baterias-swit-v-mount\/","title":{"rendered":"Carregador Quadruplo de Baterias SWIT V-Mount"},"content":{"rendered":"<p data-start=\"230\" data-end=\"535\"><div class=\"booqable-product-button\" data-id=\"swit-4x-v-mount-charger\"><\/div><\/p>\n<p data-start=\"230\" data-end=\"535\">O <strong>Carregador de Baterias SWIT 4x V-Mount<\/strong> \u00e9 uma solu\u00e7\u00e3o de n\u00edvel profissional para o carregamento r\u00e1pido e fi\u00e1vel de at\u00e9 <strong data-start=\"335\" data-end=\"376\">quatro baterias V-mount em simult\u00e2neo<\/strong>. Concebido para produ\u00e7\u00f5es de cinema, TV e broadcast, este carregador garante uma gest\u00e3o de energia eficiente no set, reduzindo o tempo de inatividade e mantendo o seu fluxo de trabalho em movimento.<\/p>\n<p data-start=\"537\" data-end=\"811\">Cada canal de carregamento opera de forma independente, fornecendo energia est\u00e1vel e equilibrada para proteger a vida \u00fatil e o desempenho das baterias. Constru\u00eddo com uma estrutura met\u00e1lica robusta, o carregador SWIT 4x foi feito para lidar com ambientes de produ\u00e7\u00e3o exigentes, desde est\u00fadios a filmagens em exteriores.<\/p>\n<p data-start=\"813\" data-end=\"963\">Compat\u00edvel com baterias padr\u00e3o <strong data-start=\"838\" data-end=\"868\">V-mount (V-lock)<\/strong>, \u00e9 ideal para c\u00e2maras de cinema, sistemas de ilumina\u00e7\u00e3o LED e outro equipamento de v\u00eddeo profissional.<\/p>\n","protected":false},"excerpt":{"rendered":"<p>O Carregador de Baterias SWIT 4x V-Mount \u00e9 uma solu\u00e7\u00e3o de n\u00edvel profissional para o carregamento r\u00e1pido e fi\u00e1vel de at\u00e9 quatro baterias V-mount em simult\u00e2neo. Concebido para produ\u00e7\u00f5es de cinema, TV e broadcast, este carregador garante uma gest\u00e3o de energia eficiente no set, reduzindo o tempo de inatividade e mantendo o seu fluxo de [&hellip;]<\/p>\n","protected":false},"featured_media":16948,"template":"","meta":[],"product_brand":[],"product_cat":[805877],"product_tag":[],"class_list":{"0":"post-16947","1":"product","2":"type-product","3":"status-publish","4":"has-post-thumbnail","6":"product_cat-energia-e-baterias","8":"first","9":"instock","10":"taxable","11":"shipping-taxable","12":"purchasable","13":"product-type-simple"},"yoast_head":"<!-- This site is optimized with the Yoast SEO Premium plugin v27.4 (Yoast SEO v27.5) - https:\/\/yoast.com\/product\/yoast-seo-premium-wordpress\/ -->\n<title>Carregador Quadruplo de Baterias SWIT V-Mount | Comuna Studios &amp; Equipment Rental<\/title>\n<meta name=\"description\" content=\"Carregador SWIT 4x V-Mount para produ\u00e7\u00f5es de cinema e broadcast. Carregue at\u00e9 quatro baterias V-lock em simult\u00e2neo com um desempenho seguro e fi\u00e1vel.\" \/>\n<meta name=\"robots\" content=\"index, follow, max-snippet:-1, max-image-preview:large, max-video-preview:-1\" \/>\n<link rel=\"canonical\" href=\"https:\/\/comuna.pt\/pt-pt\/product\/carregador-quadruplo-de-baterias-swit-v-mount\/\" \/>\n<meta property=\"og:locale\" content=\"pt_PT\" \/>\n<meta property=\"og:type\" content=\"article\" \/>\n<meta property=\"og:title\" content=\"Carregador Quadruplo de Baterias SWIT V-Mount\" \/>\n<meta property=\"og:description\" content=\"Carregador SWIT 4x V-Mount para produ\u00e7\u00f5es de cinema e broadcast. Carregue at\u00e9 quatro baterias V-lock em simult\u00e2neo com um desempenho seguro e fi\u00e1vel.\" \/>\n<meta property=\"og:url\" content=\"https:\/\/comuna.pt\/pt-pt\/product\/carregador-quadruplo-de-baterias-swit-v-mount\/\" \/>\n<meta property=\"og:site_name\" content=\"Comuna Studios &amp; Equipment Rental\" \/>\n<meta property=\"article:publisher\" content=\"http:\/\/facebook.com\/comuna.rental\" \/>\n<meta property=\"article:modified_time\" content=\"2026-01-28T20:08:24+00:00\" \/>\n<meta property=\"og:image\" content=\"https:\/\/comuna.pt\/wp-content\/uploads\/2025\/12\/swit-v-lock-battery-kit-charger-v-mount.jpg\" \/>\n\t<meta property=\"og:image:width\" content=\"2500\" \/>\n\t<meta property=\"og:image:height\" content=\"2500\" \/>\n\t<meta property=\"og:image:type\" content=\"image\/jpeg\" \/>\n<meta name=\"twitter:card\" content=\"summary_large_image\" \/>\n<meta name=\"twitter:label1\" content=\"pre\u00e7o\" \/>\n\t<meta name=\"twitter:data1\" content=\"&euro;15,00 + 23% VAT\" \/>\n\t<meta name=\"twitter:label2\" content=\"Disponibilidade\" \/>\n\t<meta name=\"twitter:data2\" content=\"Em stock\" \/>\n<script type=\"application\/ld+json\" class=\"yoast-schema-graph\">{\"@context\":\"https:\\\/\\\/schema.org\",\"@graph\":[{\"@type\":[\"WebPage\",\"ItemPage\"],\"@id\":\"https:\\\/\\\/comuna.pt\\\/pt-pt\\\/product\\\/carregador-quadruplo-de-baterias-swit-v-mount\\\/\",\"url\":\"https:\\\/\\\/comuna.pt\\\/pt-pt\\\/product\\\/carregador-quadruplo-de-baterias-swit-v-mount\\\/\",\"name\":\"Carregador Quadruplo de Baterias SWIT V-Mount | Comuna Studios &amp; Equipment Rental\",\"isPartOf\":{\"@id\":\"https:\\\/\\\/comuna.pt\\\/pt-pt\\\/#website\"},\"primaryImageOfPage\":{\"@id\":\"https:\\\/\\\/comuna.pt\\\/pt-pt\\\/product\\\/carregador-quadruplo-de-baterias-swit-v-mount\\\/#primaryimage\"},\"image\":{\"@id\":\"https:\\\/\\\/comuna.pt\\\/pt-pt\\\/product\\\/carregador-quadruplo-de-baterias-swit-v-mount\\\/#primaryimage\"},\"thumbnailUrl\":\"https:\\\/\\\/comuna.pt\\\/wp-content\\\/uploads\\\/2025\\\/12\\\/swit-v-lock-battery-kit-charger-v-mount.jpg\",\"datePublished\":\"2025-12-30T14:36:16+00:00\",\"dateModified\":\"2026-01-28T20:08:24+00:00\",\"description\":\"Carregador SWIT 4x V-Mount para produ\u00e7\u00f5es de cinema e broadcast. Carregue at\u00e9 quatro baterias V-lock em simult\u00e2neo com um desempenho seguro e fi\u00e1vel.\",\"breadcrumb\":{\"@id\":\"https:\\\/\\\/comuna.pt\\\/pt-pt\\\/product\\\/carregador-quadruplo-de-baterias-swit-v-mount\\\/#breadcrumb\"},\"inLanguage\":\"pt-PT\",\"potentialAction\":[{\"@type\":\"ReadAction\",\"target\":[\"https:\\\/\\\/comuna.pt\\\/pt-pt\\\/product\\\/carregador-quadruplo-de-baterias-swit-v-mount\\\/\"]}]},{\"@type\":\"ImageObject\",\"inLanguage\":\"pt-PT\",\"@id\":\"https:\\\/\\\/comuna.pt\\\/pt-pt\\\/product\\\/carregador-quadruplo-de-baterias-swit-v-mount\\\/#primaryimage\",\"url\":\"https:\\\/\\\/comuna.pt\\\/wp-content\\\/uploads\\\/2025\\\/12\\\/swit-v-lock-battery-kit-charger-v-mount.jpg\",\"contentUrl\":\"https:\\\/\\\/comuna.pt\\\/wp-content\\\/uploads\\\/2025\\\/12\\\/swit-v-lock-battery-kit-charger-v-mount.jpg\",\"width\":2500,\"height\":2500},{\"@type\":\"BreadcrumbList\",\"@id\":\"https:\\\/\\\/comuna.pt\\\/pt-pt\\\/product\\\/carregador-quadruplo-de-baterias-swit-v-mount\\\/#breadcrumb\",\"itemListElement\":[{\"@type\":\"ListItem\",\"position\":1,\"name\":\"Home\",\"item\":\"https:\\\/\\\/comuna.pt\\\/pt-pt\\\/\"},{\"@type\":\"ListItem\",\"position\":2,\"name\":\"Produtos\"},{\"@type\":\"ListItem\",\"position\":3,\"name\":\"Energia e Baterias\",\"item\":\"https:\\\/\\\/comuna.pt\\\/pt-pt\\\/Categoria\\\/energia-e-baterias\\\/\"},{\"@type\":\"ListItem\",\"position\":4,\"name\":\"Carregador Quadruplo de Baterias SWIT V-Mount\"}]},{\"@type\":\"WebSite\",\"@id\":\"https:\\\/\\\/comuna.pt\\\/pt-pt\\\/#website\",\"url\":\"https:\\\/\\\/comuna.pt\\\/pt-pt\\\/\",\"name\":\"Comuna Rental House\",\"description\":\"Photo studios, Podcast &amp; Equipment Rental\",\"publisher\":{\"@id\":\"https:\\\/\\\/comuna.pt\\\/pt-pt\\\/#organization\"},\"alternateName\":\"Comuna Filmmaking Equipment Rental\",\"potentialAction\":[{\"@type\":\"SearchAction\",\"target\":{\"@type\":\"EntryPoint\",\"urlTemplate\":\"https:\\\/\\\/comuna.pt\\\/pt-pt\\\/?s={search_term_string}\"},\"query-input\":{\"@type\":\"PropertyValueSpecification\",\"valueRequired\":true,\"valueName\":\"search_term_string\"}}],\"inLanguage\":\"pt-PT\"},{\"@type\":\"Organization\",\"@id\":\"https:\\\/\\\/comuna.pt\\\/pt-pt\\\/#organization\",\"name\":\"Comuna Rental House\",\"url\":\"https:\\\/\\\/comuna.pt\\\/pt-pt\\\/\",\"logo\":{\"@type\":\"ImageObject\",\"inLanguage\":\"pt-PT\",\"@id\":\"https:\\\/\\\/comuna.pt\\\/pt-pt\\\/#\\\/schema\\\/logo\\\/image\\\/\",\"url\":\"https:\\\/\\\/comuna.pt\\\/wp-content\\\/uploads\\\/2024\\\/03\\\/comuna_logo_website.png\",\"contentUrl\":\"https:\\\/\\\/comuna.pt\\\/wp-content\\\/uploads\\\/2024\\\/03\\\/comuna_logo_website.png\",\"width\":2000,\"height\":262,\"caption\":\"Comuna Rental House\"},\"image\":{\"@id\":\"https:\\\/\\\/comuna.pt\\\/pt-pt\\\/#\\\/schema\\\/logo\\\/image\\\/\"},\"sameAs\":[\"http:\\\/\\\/facebook.com\\\/comuna.rental\",\"https:\\\/\\\/www.instagram.com\\\/comuna_rental\",\"https:\\\/\\\/www.linkedin.com\\\/company\\\/96410498\"]}]}<\/script>\n<meta property=\"product:price:amount\" content=\"15.00\" \/>\n<meta property=\"product:price:currency\" content=\"EUR\" \/>\n<meta property=\"og:availability\" content=\"instock\" \/>\n<meta property=\"product:availability\" content=\"instock\" \/>\n<meta property=\"product:condition\" content=\"new\" \/>\n<!-- \/ Yoast SEO Premium plugin. -->","yoast_head_json":{"title":"Carregador Quadruplo de Baterias SWIT V-Mount | Comuna Studios &amp; Equipment Rental","description":"Carregador SWIT 4x V-Mount para produ\u00e7\u00f5es de cinema e broadcast. Carregue at\u00e9 quatro baterias V-lock em simult\u00e2neo com um desempenho seguro e fi\u00e1vel.","robots":{"index":"index","follow":"follow","max-snippet":"max-snippet:-1","max-image-preview":"max-image-preview:large","max-video-preview":"max-video-preview:-1"},"canonical":"https:\/\/comuna.pt\/pt-pt\/product\/carregador-quadruplo-de-baterias-swit-v-mount\/","og_locale":"pt_PT","og_type":"article","og_title":"Carregador Quadruplo de Baterias SWIT V-Mount","og_description":"Carregador SWIT 4x V-Mount para produ\u00e7\u00f5es de cinema e broadcast. Carregue at\u00e9 quatro baterias V-lock em simult\u00e2neo com um desempenho seguro e fi\u00e1vel.","og_url":"https:\/\/comuna.pt\/pt-pt\/product\/carregador-quadruplo-de-baterias-swit-v-mount\/","og_site_name":"Comuna Studios &amp; Equipment Rental","article_publisher":"http:\/\/facebook.com\/comuna.rental","article_modified_time":"2026-01-28T20:08:24+00:00","og_image":[{"width":2500,"height":2500,"url":"https:\/\/comuna.pt\/wp-content\/uploads\/2025\/12\/swit-v-lock-battery-kit-charger-v-mount.jpg","type":"image\/jpeg"}],"twitter_card":"summary_large_image","twitter_misc":{"pre\u00e7o":"&euro;15,00 + 23% VAT","Disponibilidade":"Em stock"},"schema":{"@context":"https:\/\/schema.org","@graph":[{"@type":["WebPage","ItemPage"],"@id":"https:\/\/comuna.pt\/pt-pt\/product\/carregador-quadruplo-de-baterias-swit-v-mount\/","url":"https:\/\/comuna.pt\/pt-pt\/product\/carregador-quadruplo-de-baterias-swit-v-mount\/","name":"Carregador Quadruplo de Baterias SWIT V-Mount | Comuna Studios &amp; Equipment Rental","isPartOf":{"@id":"https:\/\/comuna.pt\/pt-pt\/#website"},"primaryImageOfPage":{"@id":"https:\/\/comuna.pt\/pt-pt\/product\/carregador-quadruplo-de-baterias-swit-v-mount\/#primaryimage"},"image":{"@id":"https:\/\/comuna.pt\/pt-pt\/product\/carregador-quadruplo-de-baterias-swit-v-mount\/#primaryimage"},"thumbnailUrl":"https:\/\/comuna.pt\/wp-content\/uploads\/2025\/12\/swit-v-lock-battery-kit-charger-v-mount.jpg","datePublished":"2025-12-30T14:36:16+00:00","dateModified":"2026-01-28T20:08:24+00:00","description":"Carregador SWIT 4x V-Mount para produ\u00e7\u00f5es de cinema e broadcast. Carregue at\u00e9 quatro baterias V-lock em simult\u00e2neo com um desempenho seguro e fi\u00e1vel.","breadcrumb":{"@id":"https:\/\/comuna.pt\/pt-pt\/product\/carregador-quadruplo-de-baterias-swit-v-mount\/#breadcrumb"},"inLanguage":"pt-PT","potentialAction":[{"@type":"ReadAction","target":["https:\/\/comuna.pt\/pt-pt\/product\/carregador-quadruplo-de-baterias-swit-v-mount\/"]}]},{"@type":"ImageObject","inLanguage":"pt-PT","@id":"https:\/\/comuna.pt\/pt-pt\/product\/carregador-quadruplo-de-baterias-swit-v-mount\/#primaryimage","url":"https:\/\/comuna.pt\/wp-content\/uploads\/2025\/12\/swit-v-lock-battery-kit-charger-v-mount.jpg","contentUrl":"https:\/\/comuna.pt\/wp-content\/uploads\/2025\/12\/swit-v-lock-battery-kit-charger-v-mount.jpg","width":2500,"height":2500},{"@type":"BreadcrumbList","@id":"https:\/\/comuna.pt\/pt-pt\/product\/carregador-quadruplo-de-baterias-swit-v-mount\/#breadcrumb","itemListElement":[{"@type":"ListItem","position":1,"name":"Home","item":"https:\/\/comuna.pt\/pt-pt\/"},{"@type":"ListItem","position":2,"name":"Produtos"},{"@type":"ListItem","position":3,"name":"Energia e Baterias","item":"https:\/\/comuna.pt\/pt-pt\/Categoria\/energia-e-baterias\/"},{"@type":"ListItem","position":4,"name":"Carregador Quadruplo de Baterias SWIT V-Mount"}]},{"@type":"WebSite","@id":"https:\/\/comuna.pt\/pt-pt\/#website","url":"https:\/\/comuna.pt\/pt-pt\/","name":"Comuna Rental House","description":"Photo studios, Podcast &amp; Equipment Rental","publisher":{"@id":"https:\/\/comuna.pt\/pt-pt\/#organization"},"alternateName":"Comuna Filmmaking Equipment Rental","potentialAction":[{"@type":"SearchAction","target":{"@type":"EntryPoint","urlTemplate":"https:\/\/comuna.pt\/pt-pt\/?s={search_term_string}"},"query-input":{"@type":"PropertyValueSpecification","valueRequired":true,"valueName":"search_term_string"}}],"inLanguage":"pt-PT"},{"@type":"Organization","@id":"https:\/\/comuna.pt\/pt-pt\/#organization","name":"Comuna Rental House","url":"https:\/\/comuna.pt\/pt-pt\/","logo":{"@type":"ImageObject","inLanguage":"pt-PT","@id":"https:\/\/comuna.pt\/pt-pt\/#\/schema\/logo\/image\/","url":"https:\/\/comuna.pt\/wp-content\/uploads\/2024\/03\/comuna_logo_website.png","contentUrl":"https:\/\/comuna.pt\/wp-content\/uploads\/2024\/03\/comuna_logo_website.png","width":2000,"height":262,"caption":"Comuna Rental House"},"image":{"@id":"https:\/\/comuna.pt\/pt-pt\/#\/schema\/logo\/image\/"},"sameAs":["http:\/\/facebook.com\/comuna.rental","https:\/\/www.instagram.com\/comuna_rental","https:\/\/www.linkedin.com\/company\/96410498"]}]},"product_price_amount":"15.00","product_price_currency":"EUR","og_availability":"instock","product_availability":"instock","product_condition":"new"},"_links":{"self":[{"href":"https:\/\/comuna.pt\/pt-pt\/wp-json\/wp\/v2\/product\/16947","targetHints":{"allow":["GET"]}}],"collection":[{"href":"https:\/\/comuna.pt\/pt-pt\/wp-json\/wp\/v2\/product"}],"about":[{"href":"https:\/\/comuna.pt\/pt-pt\/wp-json\/wp\/v2\/types\/product"}],"version-history":[{"count":7,"href":"https:\/\/comuna.pt\/pt-pt\/wp-json\/wp\/v2\/product\/16947\/revisions"}],"predecessor-version":[{"id":17355,"href":"https:\/\/comuna.pt\/pt-pt\/wp-json\/wp\/v2\/product\/16947\/revisions\/17355"}],"wp:featuredmedia":[{"embeddable":true,"href":"https:\/\/comuna.pt\/pt-pt\/wp-json\/wp\/v2\/media\/16948"}],"wp:attachment":[{"href":"https:\/\/comuna.pt\/pt-pt\/wp-json\/wp\/v2\/media?parent=16947"}],"wp:term":[{"taxonomy":"product_brand","embeddable":true,"href":"https:\/\/comuna.pt\/pt-pt\/wp-json\/wp\/v2\/product_brand?post=16947"},{"taxonomy":"product_cat","embeddable":true,"href":"https:\/\/comuna.pt\/pt-pt\/wp-json\/wp\/v2\/product_cat?post=16947"},{"taxonomy":"product_tag","embeddable":true,"href":"https:\/\/comuna.pt\/pt-pt\/wp-json\/wp\/v2\/product_tag?post=16947"}],"curies":[{"name":"wp","href":"https:\/\/api.w.org\/{rel}","templated":true}]}}