{"id":16928,"date":"2025-12-30T15:26:21","date_gmt":"2025-12-30T15:26:21","guid":{"rendered":"https:\/\/comuna.pt\/product\/braco-offset-avenger-junior-f100\/"},"modified":"2026-01-28T20:08:23","modified_gmt":"2026-01-28T20:08:23","slug":"braco-offset-avenger-junior-f100","status":"publish","type":"product","link":"https:\/\/comuna.pt\/pt-pt\/product\/braco-offset-avenger-junior-f100\/","title":{"rendered":"Bra\u00e7o Offset Avenger Junior F100"},"content":{"rendered":"<p data-start=\"219\" data-end=\"549\"><div class=\"booqable-product-button\" data-id=\"avenger-junior-offset-arm-f100\"><\/div><\/p>\n<p data-start=\"219\" data-end=\"549\">O <strong data-start=\"223\" data-end=\"257\">Bra\u00e7o Offset Avenger Junior F100<\/strong> \u00e9 um bra\u00e7o de grip de n\u00edvel profissional concebido para proporcionar uma montagem flex\u00edvel e segura de luzes, bandeiras (flags), monitores ou outros acess\u00f3rios no set. O seu design offset permite um posicionamento preciso, permitindo que a equipa alcance pontos sobre obst\u00e1culos ou monte equipamento em \u00e2ngulos que os bra\u00e7os padr\u00e3o n\u00e3o conseguem atingir.<\/p>\n<p data-start=\"551\" data-end=\"836\">Constru\u00eddo com materiais dur\u00e1veis e de alta qualidade, o F100 oferece excelente estabilidade e capacidade de carga, mantendo-se leve para um manuseamento f\u00e1cil. O Bra\u00e7o Offset Junior \u00e9 compat\u00edvel com ferragens de grip padr\u00e3o, tornando-o uma ferramenta vers\u00e1til tanto para <strong data-start=\"803\" data-end=\"833\">est\u00fadio como para filmagens em exteriores<\/strong>.<\/p>\n<p data-start=\"838\" data-end=\"1040\">Quer seja utilizado para <strong data-start=\"855\" data-end=\"909\">c\u00e2maras de cinema, configura\u00e7\u00f5es de broadcast ou rigs de ilumina\u00e7\u00e3o<\/strong>, este bra\u00e7o proporciona \u00e0s equipas um posicionamento fi\u00e1vel e ajustes r\u00e1pidos, reduzindo o tempo de montagem e melhorando a efici\u00eancia do fluxo de trabalho.<\/p>\n","protected":false},"excerpt":{"rendered":"<p>O Bra\u00e7o Offset Avenger Junior F100 \u00e9 um bra\u00e7o de grip de n\u00edvel profissional concebido para proporcionar uma montagem flex\u00edvel e segura de luzes, bandeiras (flags), monitores ou outros acess\u00f3rios no set. O seu design offset permite um posicionamento preciso, permitindo que a equipa alcance pontos sobre obst\u00e1culos ou monte equipamento em \u00e2ngulos que os [&hellip;]<\/p>\n","protected":false},"featured_media":16929,"template":"","meta":[],"product_brand":[],"product_cat":[805871],"product_tag":[],"class_list":{"0":"post-16928","1":"product","2":"type-product","3":"status-publish","4":"has-post-thumbnail","6":"product_cat-grip-e-tripes","8":"first","9":"instock","10":"taxable","11":"shipping-taxable","12":"purchasable","13":"product-type-simple"},"yoast_head":"<!-- This site is optimized with the Yoast SEO Premium plugin v27.4 (Yoast SEO v27.5) - https:\/\/yoast.com\/product\/yoast-seo-premium-wordpress\/ -->\n<title>Bra\u00e7o Offset Avenger Junior F100<\/title>\n<meta name=\"robots\" content=\"index, follow, max-snippet:-1, max-image-preview:large, max-video-preview:-1\" \/>\n<link rel=\"canonical\" href=\"https:\/\/comuna.pt\/pt-pt\/product\/braco-offset-avenger-junior-f100\/\" \/>\n<meta property=\"og:locale\" content=\"pt_PT\" \/>\n<meta property=\"og:type\" content=\"article\" \/>\n<meta property=\"og:title\" content=\"Bra\u00e7o Offset Avenger Junior F100\" \/>\n<meta property=\"og:description\" content=\"O Bra\u00e7o Offset Avenger Junior F100 \u00e9 um bra\u00e7o de grip de n\u00edvel profissional concebido para proporcionar uma montagem flex\u00edvel e segura de luzes, bandeiras (flags), monitores ou outros acess\u00f3rios no set. O seu design offset permite um posicionamento preciso, permitindo que a equipa alcance pontos sobre obst\u00e1culos ou monte equipamento em \u00e2ngulos que os [&hellip;]\" \/>\n<meta property=\"og:url\" content=\"https:\/\/comuna.pt\/pt-pt\/product\/braco-offset-avenger-junior-f100\/\" \/>\n<meta property=\"og:site_name\" content=\"Comuna Studios &amp; Equipment Rental\" \/>\n<meta property=\"article:publisher\" content=\"http:\/\/facebook.com\/comuna.rental\" \/>\n<meta property=\"article:modified_time\" content=\"2026-01-28T20:08:23+00:00\" \/>\n<meta property=\"og:image\" content=\"https:\/\/comuna.pt\/wp-content\/uploads\/2025\/12\/16076558_800.jpg\" \/>\n\t<meta property=\"og:image:width\" content=\"600\" \/>\n\t<meta property=\"og:image:height\" content=\"600\" \/>\n\t<meta property=\"og:image:type\" content=\"image\/jpeg\" \/>\n<meta name=\"twitter:card\" content=\"summary_large_image\" \/>\n<meta name=\"twitter:label1\" content=\"pre\u00e7o\" \/>\n\t<meta name=\"twitter:data1\" content=\"&euro;5,00 + 23% VAT\" \/>\n\t<meta name=\"twitter:label2\" content=\"Disponibilidade\" \/>\n\t<meta name=\"twitter:data2\" content=\"Em stock\" \/>\n<script type=\"application\/ld+json\" class=\"yoast-schema-graph\">{\"@context\":\"https:\\\/\\\/schema.org\",\"@graph\":[{\"@type\":[\"WebPage\",\"ItemPage\"],\"@id\":\"https:\\\/\\\/comuna.pt\\\/pt-pt\\\/product\\\/braco-offset-avenger-junior-f100\\\/\",\"url\":\"https:\\\/\\\/comuna.pt\\\/pt-pt\\\/product\\\/braco-offset-avenger-junior-f100\\\/\",\"name\":\"Bra\u00e7o Offset Avenger Junior F100\",\"isPartOf\":{\"@id\":\"https:\\\/\\\/comuna.pt\\\/pt-pt\\\/#website\"},\"primaryImageOfPage\":{\"@id\":\"https:\\\/\\\/comuna.pt\\\/pt-pt\\\/product\\\/braco-offset-avenger-junior-f100\\\/#primaryimage\"},\"image\":{\"@id\":\"https:\\\/\\\/comuna.pt\\\/pt-pt\\\/product\\\/braco-offset-avenger-junior-f100\\\/#primaryimage\"},\"thumbnailUrl\":\"https:\\\/\\\/comuna.pt\\\/wp-content\\\/uploads\\\/2025\\\/12\\\/16076558_800.jpg\",\"datePublished\":\"2025-12-30T15:26:21+00:00\",\"dateModified\":\"2026-01-28T20:08:23+00:00\",\"breadcrumb\":{\"@id\":\"https:\\\/\\\/comuna.pt\\\/pt-pt\\\/product\\\/braco-offset-avenger-junior-f100\\\/#breadcrumb\"},\"inLanguage\":\"pt-PT\",\"potentialAction\":[{\"@type\":\"ReadAction\",\"target\":[\"https:\\\/\\\/comuna.pt\\\/pt-pt\\\/product\\\/braco-offset-avenger-junior-f100\\\/\"]}]},{\"@type\":\"ImageObject\",\"inLanguage\":\"pt-PT\",\"@id\":\"https:\\\/\\\/comuna.pt\\\/pt-pt\\\/product\\\/braco-offset-avenger-junior-f100\\\/#primaryimage\",\"url\":\"https:\\\/\\\/comuna.pt\\\/wp-content\\\/uploads\\\/2025\\\/12\\\/16076558_800.jpg\",\"contentUrl\":\"https:\\\/\\\/comuna.pt\\\/wp-content\\\/uploads\\\/2025\\\/12\\\/16076558_800.jpg\",\"width\":600,\"height\":600},{\"@type\":\"BreadcrumbList\",\"@id\":\"https:\\\/\\\/comuna.pt\\\/pt-pt\\\/product\\\/braco-offset-avenger-junior-f100\\\/#breadcrumb\",\"itemListElement\":[{\"@type\":\"ListItem\",\"position\":1,\"name\":\"Home\",\"item\":\"https:\\\/\\\/comuna.pt\\\/pt-pt\\\/\"},{\"@type\":\"ListItem\",\"position\":2,\"name\":\"Produtos\"},{\"@type\":\"ListItem\",\"position\":3,\"name\":\"Grip e Trip\u00e9s\",\"item\":\"https:\\\/\\\/comuna.pt\\\/pt-pt\\\/Categoria\\\/grip-e-tripes\\\/\"},{\"@type\":\"ListItem\",\"position\":4,\"name\":\"Bra\u00e7o Offset Avenger Junior F100\"}]},{\"@type\":\"WebSite\",\"@id\":\"https:\\\/\\\/comuna.pt\\\/pt-pt\\\/#website\",\"url\":\"https:\\\/\\\/comuna.pt\\\/pt-pt\\\/\",\"name\":\"Comuna Rental House\",\"description\":\"Photo studios, Podcast &amp; Equipment Rental\",\"publisher\":{\"@id\":\"https:\\\/\\\/comuna.pt\\\/pt-pt\\\/#organization\"},\"alternateName\":\"Comuna Filmmaking Equipment Rental\",\"potentialAction\":[{\"@type\":\"SearchAction\",\"target\":{\"@type\":\"EntryPoint\",\"urlTemplate\":\"https:\\\/\\\/comuna.pt\\\/pt-pt\\\/?s={search_term_string}\"},\"query-input\":{\"@type\":\"PropertyValueSpecification\",\"valueRequired\":true,\"valueName\":\"search_term_string\"}}],\"inLanguage\":\"pt-PT\"},{\"@type\":\"Organization\",\"@id\":\"https:\\\/\\\/comuna.pt\\\/pt-pt\\\/#organization\",\"name\":\"Comuna Rental House\",\"url\":\"https:\\\/\\\/comuna.pt\\\/pt-pt\\\/\",\"logo\":{\"@type\":\"ImageObject\",\"inLanguage\":\"pt-PT\",\"@id\":\"https:\\\/\\\/comuna.pt\\\/pt-pt\\\/#\\\/schema\\\/logo\\\/image\\\/\",\"url\":\"https:\\\/\\\/comuna.pt\\\/wp-content\\\/uploads\\\/2024\\\/03\\\/comuna_logo_website.png\",\"contentUrl\":\"https:\\\/\\\/comuna.pt\\\/wp-content\\\/uploads\\\/2024\\\/03\\\/comuna_logo_website.png\",\"width\":2000,\"height\":262,\"caption\":\"Comuna Rental House\"},\"image\":{\"@id\":\"https:\\\/\\\/comuna.pt\\\/pt-pt\\\/#\\\/schema\\\/logo\\\/image\\\/\"},\"sameAs\":[\"http:\\\/\\\/facebook.com\\\/comuna.rental\",\"https:\\\/\\\/www.instagram.com\\\/comuna_rental\",\"https:\\\/\\\/www.linkedin.com\\\/company\\\/96410498\"]}]}<\/script>\n<meta property=\"product:price:amount\" content=\"5.00\" \/>\n<meta property=\"product:price:currency\" content=\"EUR\" \/>\n<meta property=\"og:availability\" content=\"instock\" \/>\n<meta property=\"product:availability\" content=\"instock\" \/>\n<meta property=\"product:condition\" content=\"new\" \/>\n<!-- \/ Yoast SEO Premium plugin. -->","yoast_head_json":{"title":"Bra\u00e7o Offset Avenger Junior F100","robots":{"index":"index","follow":"follow","max-snippet":"max-snippet:-1","max-image-preview":"max-image-preview:large","max-video-preview":"max-video-preview:-1"},"canonical":"https:\/\/comuna.pt\/pt-pt\/product\/braco-offset-avenger-junior-f100\/","og_locale":"pt_PT","og_type":"article","og_title":"Bra\u00e7o Offset Avenger Junior F100","og_description":"O Bra\u00e7o Offset Avenger Junior F100 \u00e9 um bra\u00e7o de grip de n\u00edvel profissional concebido para proporcionar uma montagem flex\u00edvel e segura de luzes, bandeiras (flags), monitores ou outros acess\u00f3rios no set. O seu design offset permite um posicionamento preciso, permitindo que a equipa alcance pontos sobre obst\u00e1culos ou monte equipamento em \u00e2ngulos que os [&hellip;]","og_url":"https:\/\/comuna.pt\/pt-pt\/product\/braco-offset-avenger-junior-f100\/","og_site_name":"Comuna Studios &amp; Equipment Rental","article_publisher":"http:\/\/facebook.com\/comuna.rental","article_modified_time":"2026-01-28T20:08:23+00:00","og_image":[{"width":600,"height":600,"url":"https:\/\/comuna.pt\/wp-content\/uploads\/2025\/12\/16076558_800.jpg","type":"image\/jpeg"}],"twitter_card":"summary_large_image","twitter_misc":{"pre\u00e7o":"&euro;5,00 + 23% VAT","Disponibilidade":"Em stock"},"schema":{"@context":"https:\/\/schema.org","@graph":[{"@type":["WebPage","ItemPage"],"@id":"https:\/\/comuna.pt\/pt-pt\/product\/braco-offset-avenger-junior-f100\/","url":"https:\/\/comuna.pt\/pt-pt\/product\/braco-offset-avenger-junior-f100\/","name":"Bra\u00e7o Offset Avenger Junior F100","isPartOf":{"@id":"https:\/\/comuna.pt\/pt-pt\/#website"},"primaryImageOfPage":{"@id":"https:\/\/comuna.pt\/pt-pt\/product\/braco-offset-avenger-junior-f100\/#primaryimage"},"image":{"@id":"https:\/\/comuna.pt\/pt-pt\/product\/braco-offset-avenger-junior-f100\/#primaryimage"},"thumbnailUrl":"https:\/\/comuna.pt\/wp-content\/uploads\/2025\/12\/16076558_800.jpg","datePublished":"2025-12-30T15:26:21+00:00","dateModified":"2026-01-28T20:08:23+00:00","breadcrumb":{"@id":"https:\/\/comuna.pt\/pt-pt\/product\/braco-offset-avenger-junior-f100\/#breadcrumb"},"inLanguage":"pt-PT","potentialAction":[{"@type":"ReadAction","target":["https:\/\/comuna.pt\/pt-pt\/product\/braco-offset-avenger-junior-f100\/"]}]},{"@type":"ImageObject","inLanguage":"pt-PT","@id":"https:\/\/comuna.pt\/pt-pt\/product\/braco-offset-avenger-junior-f100\/#primaryimage","url":"https:\/\/comuna.pt\/wp-content\/uploads\/2025\/12\/16076558_800.jpg","contentUrl":"https:\/\/comuna.pt\/wp-content\/uploads\/2025\/12\/16076558_800.jpg","width":600,"height":600},{"@type":"BreadcrumbList","@id":"https:\/\/comuna.pt\/pt-pt\/product\/braco-offset-avenger-junior-f100\/#breadcrumb","itemListElement":[{"@type":"ListItem","position":1,"name":"Home","item":"https:\/\/comuna.pt\/pt-pt\/"},{"@type":"ListItem","position":2,"name":"Produtos"},{"@type":"ListItem","position":3,"name":"Grip e Trip\u00e9s","item":"https:\/\/comuna.pt\/pt-pt\/Categoria\/grip-e-tripes\/"},{"@type":"ListItem","position":4,"name":"Bra\u00e7o Offset Avenger Junior F100"}]},{"@type":"WebSite","@id":"https:\/\/comuna.pt\/pt-pt\/#website","url":"https:\/\/comuna.pt\/pt-pt\/","name":"Comuna Rental House","description":"Photo studios, Podcast &amp; Equipment Rental","publisher":{"@id":"https:\/\/comuna.pt\/pt-pt\/#organization"},"alternateName":"Comuna Filmmaking Equipment Rental","potentialAction":[{"@type":"SearchAction","target":{"@type":"EntryPoint","urlTemplate":"https:\/\/comuna.pt\/pt-pt\/?s={search_term_string}"},"query-input":{"@type":"PropertyValueSpecification","valueRequired":true,"valueName":"search_term_string"}}],"inLanguage":"pt-PT"},{"@type":"Organization","@id":"https:\/\/comuna.pt\/pt-pt\/#organization","name":"Comuna Rental House","url":"https:\/\/comuna.pt\/pt-pt\/","logo":{"@type":"ImageObject","inLanguage":"pt-PT","@id":"https:\/\/comuna.pt\/pt-pt\/#\/schema\/logo\/image\/","url":"https:\/\/comuna.pt\/wp-content\/uploads\/2024\/03\/comuna_logo_website.png","contentUrl":"https:\/\/comuna.pt\/wp-content\/uploads\/2024\/03\/comuna_logo_website.png","width":2000,"height":262,"caption":"Comuna Rental House"},"image":{"@id":"https:\/\/comuna.pt\/pt-pt\/#\/schema\/logo\/image\/"},"sameAs":["http:\/\/facebook.com\/comuna.rental","https:\/\/www.instagram.com\/comuna_rental","https:\/\/www.linkedin.com\/company\/96410498"]}]},"product_price_amount":"5.00","product_price_currency":"EUR","og_availability":"instock","product_availability":"instock","product_condition":"new"},"_links":{"self":[{"href":"https:\/\/comuna.pt\/pt-pt\/wp-json\/wp\/v2\/product\/16928","targetHints":{"allow":["GET"]}}],"collection":[{"href":"https:\/\/comuna.pt\/pt-pt\/wp-json\/wp\/v2\/product"}],"about":[{"href":"https:\/\/comuna.pt\/pt-pt\/wp-json\/wp\/v2\/types\/product"}],"version-history":[{"count":26,"href":"https:\/\/comuna.pt\/pt-pt\/wp-json\/wp\/v2\/product\/16928\/revisions"}],"predecessor-version":[{"id":17374,"href":"https:\/\/comuna.pt\/pt-pt\/wp-json\/wp\/v2\/product\/16928\/revisions\/17374"}],"wp:featuredmedia":[{"embeddable":true,"href":"https:\/\/comuna.pt\/pt-pt\/wp-json\/wp\/v2\/media\/16929"}],"wp:attachment":[{"href":"https:\/\/comuna.pt\/pt-pt\/wp-json\/wp\/v2\/media?parent=16928"}],"wp:term":[{"taxonomy":"product_brand","embeddable":true,"href":"https:\/\/comuna.pt\/pt-pt\/wp-json\/wp\/v2\/product_brand?post=16928"},{"taxonomy":"product_cat","embeddable":true,"href":"https:\/\/comuna.pt\/pt-pt\/wp-json\/wp\/v2\/product_cat?post=16928"},{"taxonomy":"product_tag","embeddable":true,"href":"https:\/\/comuna.pt\/pt-pt\/wp-json\/wp\/v2\/product_tag?post=16928"}],"curies":[{"name":"wp","href":"https:\/\/api.w.org\/{rel}","templated":true}]}}