{"id":16893,"date":"2025-12-30T15:39:29","date_gmt":"2025-12-30T15:39:29","guid":{"rendered":"https:\/\/comuna.pt\/product\/fita-plana-2m-cite-37\/"},"modified":"2026-01-28T20:07:06","modified_gmt":"2026-01-28T20:07:06","slug":"fita-plana-2m-cite-37","status":"publish","type":"product","link":"https:\/\/comuna.pt\/pt-pt\/product\/fita-plana-2m-cite-37\/","title":{"rendered":"Fita Plana \u2013 2m [cite: 37]"},"content":{"rendered":"<p data-start=\"273\" data-end=\"591\"><div class=\"booqable-product-button\" data-id=\"flat-strap-2m\"><\/div><\/p>\n<p data-start=\"273\" data-end=\"591\">A <strong data-start=\"277\" data-end=\"296\">Fita Plana \u2013 2m<\/strong> \u00e9 uma ferramenta simples e vers\u00e1til para fixar, agrupar e organizar equipamento no set, est\u00fadio ou transporte[cite: 39, 40]. [cite_start]O seu comprimento de 2 metros permite <strong data-start=\"485\" data-end=\"556\">prender luzes, material de grip, cabos e outro equipamento de produ\u00e7\u00e3o<\/strong>, mantendo as montagens organizadas e seguras[cite: 40, 43].<\/p>\n<p>[cite_start]<\/p>\n<p data-start=\"593\" data-end=\"896\">Fabricada com materiais dur\u00e1veis de alta qualidade, esta fita garante uma <strong data-start=\"655\" data-end=\"698\">fixa\u00e7\u00e3o fi\u00e1vel e ajustes f\u00e1ceis<\/strong>, adaptando-se a v\u00e1rias formas sem escorregar[cite: 41, 44]. [cite_start]O seu design plano minimiza o volume e oferece uma fixa\u00e7\u00e3o segura para equipas de cinema e TV[cite: 41, 44].<\/p>\n<p>[cite_start]<\/p>\n<p data-start=\"1195\" data-end=\"1296\">Uma fita simples e direta que mant\u00e9m o material de produ\u00e7\u00e3o <strong data-start=\"1250\" data-end=\"1293\">organizado, seguro e pronto a usar<\/strong>[cite: 42, 45].<\/p>\n","protected":false},"excerpt":{"rendered":"<p>A Fita Plana \u2013 2m \u00e9 uma ferramenta simples e vers\u00e1til para fixar, agrupar e organizar equipamento no set, est\u00fadio ou transporte[cite: 39, 40]. [cite_start]O seu comprimento de 2 metros permite prender luzes, material de grip, cabos e outro equipamento de produ\u00e7\u00e3o, mantendo as montagens organizadas e seguras[cite: 40, 43]. [cite_start] Fabricada com materiais dur\u00e1veis [&hellip;]<\/p>\n","protected":false},"featured_media":16894,"template":"","meta":[],"product_brand":[],"product_cat":[805871],"product_tag":[],"class_list":{"0":"post-16893","1":"product","2":"type-product","3":"status-publish","4":"has-post-thumbnail","6":"product_cat-grip-e-tripes","8":"first","9":"instock","10":"taxable","11":"shipping-taxable","12":"purchasable","13":"product-type-simple"},"yoast_head":"<!-- This site is optimized with the Yoast SEO Premium plugin v27.4 (Yoast SEO v27.5) - https:\/\/yoast.com\/product\/yoast-seo-premium-wordpress\/ -->\n<title>Fita Plana \u2013 2m [cite: 37] | Comuna Studios &amp; Equipment Rental<\/title>\n<meta name=\"description\" content=\"Fita plana de 2m para equipamento de cinema e broadcast[cite: 37, 38]. [cite_start]Fixe luzes, cabos e material de grip com esta fita de produ\u00e7\u00e3o dur\u00e1vel e vers\u00e1til[cite: 38, 39].\" \/>\n<meta name=\"robots\" content=\"index, follow, max-snippet:-1, max-image-preview:large, max-video-preview:-1\" \/>\n<link rel=\"canonical\" href=\"https:\/\/comuna.pt\/pt-pt\/product\/fita-plana-2m-cite-37\/\" \/>\n<meta property=\"og:locale\" content=\"pt_PT\" \/>\n<meta property=\"og:type\" content=\"article\" \/>\n<meta property=\"og:title\" content=\"Fita Plana \u2013 2m [cite: 37]\" \/>\n<meta property=\"og:description\" content=\"Fita plana de 2m para equipamento de cinema e broadcast[cite: 37, 38]. [cite_start]Fixe luzes, cabos e material de grip com esta fita de produ\u00e7\u00e3o dur\u00e1vel e vers\u00e1til[cite: 38, 39].\" \/>\n<meta property=\"og:url\" content=\"https:\/\/comuna.pt\/pt-pt\/product\/fita-plana-2m-cite-37\/\" \/>\n<meta property=\"og:site_name\" content=\"Comuna Studios &amp; Equipment Rental\" \/>\n<meta property=\"article:publisher\" content=\"http:\/\/facebook.com\/comuna.rental\" \/>\n<meta property=\"article:modified_time\" content=\"2026-01-28T20:07:06+00:00\" \/>\n<meta property=\"og:image\" content=\"https:\/\/comuna.pt\/wp-content\/uploads\/2023\/08\/r2-scaled.jpg\" \/>\n\t<meta property=\"og:image:width\" content=\"2560\" \/>\n\t<meta property=\"og:image:height\" content=\"1707\" \/>\n\t<meta property=\"og:image:type\" content=\"image\/jpeg\" \/>\n<meta name=\"twitter:card\" content=\"summary_large_image\" \/>\n<meta name=\"twitter:label1\" content=\"pre\u00e7o\" \/>\n\t<meta name=\"twitter:data1\" content=\"&euro;2,00 + 23% VAT\" \/>\n\t<meta name=\"twitter:label2\" content=\"Disponibilidade\" \/>\n\t<meta name=\"twitter:data2\" content=\"Em stock\" \/>\n<script type=\"application\/ld+json\" class=\"yoast-schema-graph\">{\"@context\":\"https:\\\/\\\/schema.org\",\"@graph\":[{\"@type\":[\"WebPage\",\"ItemPage\"],\"@id\":\"https:\\\/\\\/comuna.pt\\\/pt-pt\\\/product\\\/fita-plana-2m-cite-37\\\/\",\"url\":\"https:\\\/\\\/comuna.pt\\\/pt-pt\\\/product\\\/fita-plana-2m-cite-37\\\/\",\"name\":\"Fita Plana \u2013 2m [cite: 37] | Comuna Studios &amp; Equipment Rental\",\"isPartOf\":{\"@id\":\"https:\\\/\\\/comuna.pt\\\/pt-pt\\\/#website\"},\"primaryImageOfPage\":{\"@id\":\"https:\\\/\\\/comuna.pt\\\/pt-pt\\\/product\\\/fita-plana-2m-cite-37\\\/#primaryimage\"},\"image\":{\"@id\":\"https:\\\/\\\/comuna.pt\\\/pt-pt\\\/product\\\/fita-plana-2m-cite-37\\\/#primaryimage\"},\"thumbnailUrl\":\"https:\\\/\\\/comuna.pt\\\/wp-content\\\/uploads\\\/2025\\\/12\\\/5daf502d26bb856eea1262faca22c266.jpg.avif\",\"datePublished\":\"2025-12-30T15:39:29+00:00\",\"dateModified\":\"2026-01-28T20:07:06+00:00\",\"description\":\"Fita plana de 2m para equipamento de cinema e broadcast[cite: 37, 38]. [cite_start]Fixe luzes, cabos e material de grip com esta fita de produ\u00e7\u00e3o dur\u00e1vel e vers\u00e1til[cite: 38, 39].\",\"breadcrumb\":{\"@id\":\"https:\\\/\\\/comuna.pt\\\/pt-pt\\\/product\\\/fita-plana-2m-cite-37\\\/#breadcrumb\"},\"inLanguage\":\"pt-PT\",\"potentialAction\":[{\"@type\":\"ReadAction\",\"target\":[\"https:\\\/\\\/comuna.pt\\\/pt-pt\\\/product\\\/fita-plana-2m-cite-37\\\/\"]}]},{\"@type\":\"ImageObject\",\"inLanguage\":\"pt-PT\",\"@id\":\"https:\\\/\\\/comuna.pt\\\/pt-pt\\\/product\\\/fita-plana-2m-cite-37\\\/#primaryimage\",\"url\":\"https:\\\/\\\/comuna.pt\\\/wp-content\\\/uploads\\\/2025\\\/12\\\/5daf502d26bb856eea1262faca22c266.jpg.avif\",\"contentUrl\":\"https:\\\/\\\/comuna.pt\\\/wp-content\\\/uploads\\\/2025\\\/12\\\/5daf502d26bb856eea1262faca22c266.jpg.avif\",\"width\":800,\"height\":800},{\"@type\":\"BreadcrumbList\",\"@id\":\"https:\\\/\\\/comuna.pt\\\/pt-pt\\\/product\\\/fita-plana-2m-cite-37\\\/#breadcrumb\",\"itemListElement\":[{\"@type\":\"ListItem\",\"position\":1,\"name\":\"Home\",\"item\":\"https:\\\/\\\/comuna.pt\\\/pt-pt\\\/\"},{\"@type\":\"ListItem\",\"position\":2,\"name\":\"Produtos\"},{\"@type\":\"ListItem\",\"position\":3,\"name\":\"Grip e Trip\u00e9s\",\"item\":\"https:\\\/\\\/comuna.pt\\\/pt-pt\\\/Categoria\\\/grip-e-tripes\\\/\"},{\"@type\":\"ListItem\",\"position\":4,\"name\":\"Fita Plana \u2013 2m [cite: 37]\"}]},{\"@type\":\"WebSite\",\"@id\":\"https:\\\/\\\/comuna.pt\\\/pt-pt\\\/#website\",\"url\":\"https:\\\/\\\/comuna.pt\\\/pt-pt\\\/\",\"name\":\"Comuna Rental House\",\"description\":\"Photo studios, Podcast &amp; Equipment Rental\",\"publisher\":{\"@id\":\"https:\\\/\\\/comuna.pt\\\/pt-pt\\\/#organization\"},\"alternateName\":\"Comuna Filmmaking Equipment Rental\",\"potentialAction\":[{\"@type\":\"SearchAction\",\"target\":{\"@type\":\"EntryPoint\",\"urlTemplate\":\"https:\\\/\\\/comuna.pt\\\/pt-pt\\\/?s={search_term_string}\"},\"query-input\":{\"@type\":\"PropertyValueSpecification\",\"valueRequired\":true,\"valueName\":\"search_term_string\"}}],\"inLanguage\":\"pt-PT\"},{\"@type\":\"Organization\",\"@id\":\"https:\\\/\\\/comuna.pt\\\/pt-pt\\\/#organization\",\"name\":\"Comuna Rental House\",\"url\":\"https:\\\/\\\/comuna.pt\\\/pt-pt\\\/\",\"logo\":{\"@type\":\"ImageObject\",\"inLanguage\":\"pt-PT\",\"@id\":\"https:\\\/\\\/comuna.pt\\\/pt-pt\\\/#\\\/schema\\\/logo\\\/image\\\/\",\"url\":\"https:\\\/\\\/comuna.pt\\\/wp-content\\\/uploads\\\/2024\\\/03\\\/comuna_logo_website.png\",\"contentUrl\":\"https:\\\/\\\/comuna.pt\\\/wp-content\\\/uploads\\\/2024\\\/03\\\/comuna_logo_website.png\",\"width\":2000,\"height\":262,\"caption\":\"Comuna Rental House\"},\"image\":{\"@id\":\"https:\\\/\\\/comuna.pt\\\/pt-pt\\\/#\\\/schema\\\/logo\\\/image\\\/\"},\"sameAs\":[\"http:\\\/\\\/facebook.com\\\/comuna.rental\",\"https:\\\/\\\/www.instagram.com\\\/comuna_rental\",\"https:\\\/\\\/www.linkedin.com\\\/company\\\/96410498\"]}]}<\/script>\n<meta property=\"product:price:amount\" content=\"2.00\" \/>\n<meta property=\"product:price:currency\" content=\"EUR\" \/>\n<meta property=\"og:availability\" content=\"instock\" \/>\n<meta property=\"product:availability\" content=\"instock\" \/>\n<meta property=\"product:condition\" content=\"new\" \/>\n<!-- \/ Yoast SEO Premium plugin. -->","yoast_head_json":{"title":"Fita Plana \u2013 2m [cite: 37] | Comuna Studios &amp; Equipment Rental","description":"Fita plana de 2m para equipamento de cinema e broadcast[cite: 37, 38]. [cite_start]Fixe luzes, cabos e material de grip com esta fita de produ\u00e7\u00e3o dur\u00e1vel e vers\u00e1til[cite: 38, 39].","robots":{"index":"index","follow":"follow","max-snippet":"max-snippet:-1","max-image-preview":"max-image-preview:large","max-video-preview":"max-video-preview:-1"},"canonical":"https:\/\/comuna.pt\/pt-pt\/product\/fita-plana-2m-cite-37\/","og_locale":"pt_PT","og_type":"article","og_title":"Fita Plana \u2013 2m [cite: 37]","og_description":"Fita plana de 2m para equipamento de cinema e broadcast[cite: 37, 38]. [cite_start]Fixe luzes, cabos e material de grip com esta fita de produ\u00e7\u00e3o dur\u00e1vel e vers\u00e1til[cite: 38, 39].","og_url":"https:\/\/comuna.pt\/pt-pt\/product\/fita-plana-2m-cite-37\/","og_site_name":"Comuna Studios &amp; Equipment Rental","article_publisher":"http:\/\/facebook.com\/comuna.rental","article_modified_time":"2026-01-28T20:07:06+00:00","og_image":[{"width":2560,"height":1707,"url":"https:\/\/comuna.pt\/wp-content\/uploads\/2023\/08\/r2-scaled.jpg","type":"image\/jpeg"}],"twitter_card":"summary_large_image","twitter_misc":{"pre\u00e7o":"&euro;2,00 + 23% VAT","Disponibilidade":"Em stock"},"schema":{"@context":"https:\/\/schema.org","@graph":[{"@type":["WebPage","ItemPage"],"@id":"https:\/\/comuna.pt\/pt-pt\/product\/fita-plana-2m-cite-37\/","url":"https:\/\/comuna.pt\/pt-pt\/product\/fita-plana-2m-cite-37\/","name":"Fita Plana \u2013 2m [cite: 37] | Comuna Studios &amp; Equipment Rental","isPartOf":{"@id":"https:\/\/comuna.pt\/pt-pt\/#website"},"primaryImageOfPage":{"@id":"https:\/\/comuna.pt\/pt-pt\/product\/fita-plana-2m-cite-37\/#primaryimage"},"image":{"@id":"https:\/\/comuna.pt\/pt-pt\/product\/fita-plana-2m-cite-37\/#primaryimage"},"thumbnailUrl":"https:\/\/comuna.pt\/wp-content\/uploads\/2025\/12\/5daf502d26bb856eea1262faca22c266.jpg.avif","datePublished":"2025-12-30T15:39:29+00:00","dateModified":"2026-01-28T20:07:06+00:00","description":"Fita plana de 2m para equipamento de cinema e broadcast[cite: 37, 38]. [cite_start]Fixe luzes, cabos e material de grip com esta fita de produ\u00e7\u00e3o dur\u00e1vel e vers\u00e1til[cite: 38, 39].","breadcrumb":{"@id":"https:\/\/comuna.pt\/pt-pt\/product\/fita-plana-2m-cite-37\/#breadcrumb"},"inLanguage":"pt-PT","potentialAction":[{"@type":"ReadAction","target":["https:\/\/comuna.pt\/pt-pt\/product\/fita-plana-2m-cite-37\/"]}]},{"@type":"ImageObject","inLanguage":"pt-PT","@id":"https:\/\/comuna.pt\/pt-pt\/product\/fita-plana-2m-cite-37\/#primaryimage","url":"https:\/\/comuna.pt\/wp-content\/uploads\/2025\/12\/5daf502d26bb856eea1262faca22c266.jpg.avif","contentUrl":"https:\/\/comuna.pt\/wp-content\/uploads\/2025\/12\/5daf502d26bb856eea1262faca22c266.jpg.avif","width":800,"height":800},{"@type":"BreadcrumbList","@id":"https:\/\/comuna.pt\/pt-pt\/product\/fita-plana-2m-cite-37\/#breadcrumb","itemListElement":[{"@type":"ListItem","position":1,"name":"Home","item":"https:\/\/comuna.pt\/pt-pt\/"},{"@type":"ListItem","position":2,"name":"Produtos"},{"@type":"ListItem","position":3,"name":"Grip e Trip\u00e9s","item":"https:\/\/comuna.pt\/pt-pt\/Categoria\/grip-e-tripes\/"},{"@type":"ListItem","position":4,"name":"Fita Plana \u2013 2m [cite: 37]"}]},{"@type":"WebSite","@id":"https:\/\/comuna.pt\/pt-pt\/#website","url":"https:\/\/comuna.pt\/pt-pt\/","name":"Comuna Rental House","description":"Photo studios, Podcast &amp; Equipment Rental","publisher":{"@id":"https:\/\/comuna.pt\/pt-pt\/#organization"},"alternateName":"Comuna Filmmaking Equipment Rental","potentialAction":[{"@type":"SearchAction","target":{"@type":"EntryPoint","urlTemplate":"https:\/\/comuna.pt\/pt-pt\/?s={search_term_string}"},"query-input":{"@type":"PropertyValueSpecification","valueRequired":true,"valueName":"search_term_string"}}],"inLanguage":"pt-PT"},{"@type":"Organization","@id":"https:\/\/comuna.pt\/pt-pt\/#organization","name":"Comuna Rental House","url":"https:\/\/comuna.pt\/pt-pt\/","logo":{"@type":"ImageObject","inLanguage":"pt-PT","@id":"https:\/\/comuna.pt\/pt-pt\/#\/schema\/logo\/image\/","url":"https:\/\/comuna.pt\/wp-content\/uploads\/2024\/03\/comuna_logo_website.png","contentUrl":"https:\/\/comuna.pt\/wp-content\/uploads\/2024\/03\/comuna_logo_website.png","width":2000,"height":262,"caption":"Comuna Rental House"},"image":{"@id":"https:\/\/comuna.pt\/pt-pt\/#\/schema\/logo\/image\/"},"sameAs":["http:\/\/facebook.com\/comuna.rental","https:\/\/www.instagram.com\/comuna_rental","https:\/\/www.linkedin.com\/company\/96410498"]}]},"product_price_amount":"2.00","product_price_currency":"EUR","og_availability":"instock","product_availability":"instock","product_condition":"new"},"_links":{"self":[{"href":"https:\/\/comuna.pt\/pt-pt\/wp-json\/wp\/v2\/product\/16893","targetHints":{"allow":["GET"]}}],"collection":[{"href":"https:\/\/comuna.pt\/pt-pt\/wp-json\/wp\/v2\/product"}],"about":[{"href":"https:\/\/comuna.pt\/pt-pt\/wp-json\/wp\/v2\/types\/product"}],"version-history":[{"count":11,"href":"https:\/\/comuna.pt\/pt-pt\/wp-json\/wp\/v2\/product\/16893\/revisions"}],"predecessor-version":[{"id":17320,"href":"https:\/\/comuna.pt\/pt-pt\/wp-json\/wp\/v2\/product\/16893\/revisions\/17320"}],"wp:featuredmedia":[{"embeddable":true,"href":"https:\/\/comuna.pt\/pt-pt\/wp-json\/wp\/v2\/media\/16894"}],"wp:attachment":[{"href":"https:\/\/comuna.pt\/pt-pt\/wp-json\/wp\/v2\/media?parent=16893"}],"wp:term":[{"taxonomy":"product_brand","embeddable":true,"href":"https:\/\/comuna.pt\/pt-pt\/wp-json\/wp\/v2\/product_brand?post=16893"},{"taxonomy":"product_cat","embeddable":true,"href":"https:\/\/comuna.pt\/pt-pt\/wp-json\/wp\/v2\/product_cat?post=16893"},{"taxonomy":"product_tag","embeddable":true,"href":"https:\/\/comuna.pt\/pt-pt\/wp-json\/wp\/v2\/product_tag?post=16893"}],"curies":[{"name":"wp","href":"https:\/\/api.w.org\/{rel}","templated":true}]}}