{"id":16092,"date":"2023-06-23T11:46:17","date_gmt":"2023-06-23T10:46:17","guid":{"rendered":"https:\/\/comuna.pt\/product\/kit-c-stand-30-s-leg\/"},"modified":"2026-03-03T13:42:47","modified_gmt":"2026-03-03T13:42:47","slug":"kit-c-stand-30-s-leg","status":"publish","type":"product","link":"https:\/\/comuna.pt\/pt-pt\/product\/kit-c-stand-30-s-leg\/","title":{"rendered":"Kit C-Stand 30&#8243; S-Leg"},"content":{"rendered":"<p><div class=\"booqable-product-button\" data-id=\"avenger-a2033-c-stand-extension\"><\/div><br \/>\nTrip\u00e9 com perna deslizante (glide foot). A perna deslizante permite a utiliza\u00e7\u00e3o em superf\u00edcies irregulares ou com degraus. Encaixe superior: espig\u00e3o (spigot) de 5\/8&#8243; (16 mm). Altura m\u00edn.: 134 cm. Altura m\u00e1x.: 328 cm. Carga m\u00e1xima: 10 kg. Material: A\u00e7o. Cor: Prateado. Este Kit Avenger A2033LKIT Century Grip Arm \u00e9 constru\u00eddo em a\u00e7o cromado. O trip\u00e9 possui uma perna deslizante, que lhe permite adaptar-se a terrenos irregulares, como escadas ou encostas. Este kit de grip inclui um bra\u00e7o de extens\u00e3o D520L de 40&#8243; (1 m) e uma cabe\u00e7a de grip D200 de 2,5&#8243; que trabalham em conjunto para atuar como um boom ou suporte de bandeira (flag holder).<\/p>\n","protected":false},"excerpt":{"rendered":"[booqable_button id=\"avenger-a2033-c-stand-extension\"]\n<p>&nbsp;<\/p>\n<ul class=\"fx-list product-text__list\">\n<li class=\"fx-list__item list-item fx-list__item--circle\"><span class=\"fx-text fx-text--plus list-item__text\">Trip\u00e9 com p\u00e9 deslizante<\/span><\/li>\n<li class=\"fx-list__item list-item fx-list__item--circle\"><span class=\"fx-text fx-text--plus list-item__text\">P\u00e9 deslizante permite uso em superf\u00edcies irregulares \/ degraus<\/span><\/li>\n<li class=\"fx-list__item list-item fx-list__item--circle\"><span class=\"fx-text fx-text--plus list-item__text\">Encaixe superior: espig\u00e3o (spigot) 5\/8&#8243; (16 mm)<\/span><\/li>\n<li class=\"fx-list__item list-item fx-list__item--circle\"><span class=\"fx-text fx-text--plus list-item__text\">Altura m\u00edn.: 134 cm<\/span><\/li>\n<li class=\"fx-list__item list-item fx-list__item--circle\"><span class=\"fx-text fx-text--plus list-item__text\">Altura m\u00e1x.: 328 cm<\/span><\/li>\n<li class=\"fx-list__item list-item fx-list__item--circle\"><span class=\"fx-text fx-text--plus list-item__text\">Carga m\u00e1x.: 10 kg<\/span><\/li>\n<li class=\"fx-list__item list-item fx-list__item--circle\"><span class=\"fx-text fx-text--plus list-item__text\">Di\u00e2metro do tubo do trip\u00e9: 35\/30\/25 mm<\/span><\/li>\n<li class=\"fx-list__item list-item fx-list__item--circle\"><span class=\"fx-text fx-text--plus list-item__text\">Di\u00e2metro da perna do trip\u00e9: 25 mm<\/span><\/li>\n<li class=\"fx-list__item list-item fx-list__item--circle\"><span class=\"fx-text fx-text--plus list-item__text\">Pegada da base: 95 cm<\/span><\/li>\n<li class=\"fx-list__item list-item fx-list__item--circle\"><span class=\"fx-text fx-text--plus list-item__text\">Material: A\u00e7o<\/span><\/li>\n<li class=\"fx-list__item list-item fx-list__item--circle\"><span class=\"fx-text fx-text--plus list-item__text\">Peso: 5,5 kg<\/span><\/li>\n<li class=\"fx-list__item list-item fx-list__item--circle\"><span class=\"fx-text fx-text--plus list-item__text\">Cor: Prateado<\/span><\/li>\n<\/ul>\n","protected":false},"featured_media":16098,"template":"","meta":[],"product_brand":[],"product_cat":[805871],"product_tag":[],"class_list":{"0":"post-16092","1":"product","2":"type-product","3":"status-publish","4":"has-post-thumbnail","6":"product_cat-grip-e-tripes","8":"first","9":"instock","10":"taxable","11":"shipping-taxable","12":"purchasable","13":"product-type-simple"},"yoast_head":"<!-- This site is optimized with the Yoast SEO Premium plugin v27.4 (Yoast SEO v27.5) - https:\/\/yoast.com\/product\/yoast-seo-premium-wordpress\/ -->\n<title>Kit C-Stand 30&quot; S-Leg | Comuna Studios &amp; Equipment Rental<\/title>\n<meta name=\"robots\" content=\"index, follow, max-snippet:-1, max-image-preview:large, max-video-preview:-1\" \/>\n<link rel=\"canonical\" href=\"https:\/\/comuna.pt\/pt-pt\/product\/kit-c-stand-30-s-leg\/\" \/>\n<meta property=\"og:locale\" content=\"pt_PT\" \/>\n<meta property=\"og:type\" content=\"article\" \/>\n<meta property=\"og:title\" content=\"Kit C-Stand 30&quot; S-Leg\" \/>\n<meta property=\"og:description\" content=\"&nbsp;  Trip\u00e9 com p\u00e9 deslizante  P\u00e9 deslizante permite uso em superf\u00edcies irregulares \/ degraus  Encaixe superior: espig\u00e3o (spigot) 5\/8&quot; (16 mm)  Altura m\u00edn.: 134 cm  Altura m\u00e1x.: 328 cm  Carga m\u00e1x.: 10 kg  Di\u00e2metro do tubo do trip\u00e9: 35\/30\/25 mm  Di\u00e2metro da perna do trip\u00e9: 25 mm  Pegada da base: 95 cm  Material: A\u00e7o  Peso: 5,5 kg  Cor: Prateado\" \/>\n<meta property=\"og:url\" content=\"https:\/\/comuna.pt\/pt-pt\/product\/kit-c-stand-30-s-leg\/\" \/>\n<meta property=\"og:site_name\" content=\"Comuna Studios &amp; Equipment Rental\" \/>\n<meta property=\"article:publisher\" content=\"http:\/\/facebook.com\/comuna.rental\" \/>\n<meta property=\"article:modified_time\" content=\"2026-03-03T13:42:47+00:00\" \/>\n<meta property=\"og:image\" content=\"https:\/\/comuna.pt\/wp-content\/uploads\/2023\/06\/14367623_800.jpg\" \/>\n\t<meta property=\"og:image:width\" content=\"600\" \/>\n\t<meta property=\"og:image:height\" content=\"600\" \/>\n\t<meta property=\"og:image:type\" content=\"image\/jpeg\" \/>\n<meta name=\"twitter:card\" content=\"summary_large_image\" \/>\n<meta name=\"twitter:label1\" content=\"pre\u00e7o\" \/>\n\t<meta name=\"twitter:data1\" content=\"&euro;8,00 + 23% VAT\" \/>\n\t<meta name=\"twitter:label2\" content=\"Disponibilidade\" \/>\n\t<meta name=\"twitter:data2\" content=\"Em stock\" \/>\n<script type=\"application\/ld+json\" class=\"yoast-schema-graph\">{\"@context\":\"https:\\\/\\\/schema.org\",\"@graph\":[{\"@type\":[\"WebPage\",\"ItemPage\"],\"@id\":\"https:\\\/\\\/comuna.pt\\\/pt-pt\\\/product\\\/kit-c-stand-30-s-leg\\\/\",\"url\":\"https:\\\/\\\/comuna.pt\\\/pt-pt\\\/product\\\/kit-c-stand-30-s-leg\\\/\",\"name\":\"Kit C-Stand 30\\\" S-Leg | Comuna Studios &amp; Equipment Rental\",\"isPartOf\":{\"@id\":\"https:\\\/\\\/comuna.pt\\\/pt-pt\\\/#website\"},\"primaryImageOfPage\":{\"@id\":\"https:\\\/\\\/comuna.pt\\\/pt-pt\\\/product\\\/kit-c-stand-30-s-leg\\\/#primaryimage\"},\"image\":{\"@id\":\"https:\\\/\\\/comuna.pt\\\/pt-pt\\\/product\\\/kit-c-stand-30-s-leg\\\/#primaryimage\"},\"thumbnailUrl\":\"https:\\\/\\\/comuna.pt\\\/wp-content\\\/uploads\\\/2023\\\/06\\\/14367623_800.jpg\",\"datePublished\":\"2023-06-23T10:46:17+00:00\",\"dateModified\":\"2026-03-03T13:42:47+00:00\",\"breadcrumb\":{\"@id\":\"https:\\\/\\\/comuna.pt\\\/pt-pt\\\/product\\\/kit-c-stand-30-s-leg\\\/#breadcrumb\"},\"inLanguage\":\"pt-PT\",\"potentialAction\":[{\"@type\":\"ReadAction\",\"target\":[\"https:\\\/\\\/comuna.pt\\\/pt-pt\\\/product\\\/kit-c-stand-30-s-leg\\\/\"]}]},{\"@type\":\"ImageObject\",\"inLanguage\":\"pt-PT\",\"@id\":\"https:\\\/\\\/comuna.pt\\\/pt-pt\\\/product\\\/kit-c-stand-30-s-leg\\\/#primaryimage\",\"url\":\"https:\\\/\\\/comuna.pt\\\/wp-content\\\/uploads\\\/2023\\\/06\\\/14367623_800.jpg\",\"contentUrl\":\"https:\\\/\\\/comuna.pt\\\/wp-content\\\/uploads\\\/2023\\\/06\\\/14367623_800.jpg\",\"width\":600,\"height\":600},{\"@type\":\"BreadcrumbList\",\"@id\":\"https:\\\/\\\/comuna.pt\\\/pt-pt\\\/product\\\/kit-c-stand-30-s-leg\\\/#breadcrumb\",\"itemListElement\":[{\"@type\":\"ListItem\",\"position\":1,\"name\":\"Home\",\"item\":\"https:\\\/\\\/comuna.pt\\\/pt-pt\\\/\"},{\"@type\":\"ListItem\",\"position\":2,\"name\":\"Produtos\"},{\"@type\":\"ListItem\",\"position\":3,\"name\":\"Grip e Trip\u00e9s\",\"item\":\"https:\\\/\\\/comuna.pt\\\/pt-pt\\\/Categoria\\\/grip-e-tripes\\\/\"},{\"@type\":\"ListItem\",\"position\":4,\"name\":\"Kit C-Stand 30&#8243; S-Leg\"}]},{\"@type\":\"WebSite\",\"@id\":\"https:\\\/\\\/comuna.pt\\\/pt-pt\\\/#website\",\"url\":\"https:\\\/\\\/comuna.pt\\\/pt-pt\\\/\",\"name\":\"Comuna Rental House\",\"description\":\"Photo studios, Podcast &amp; Equipment Rental\",\"publisher\":{\"@id\":\"https:\\\/\\\/comuna.pt\\\/pt-pt\\\/#organization\"},\"alternateName\":\"Comuna Filmmaking Equipment Rental\",\"potentialAction\":[{\"@type\":\"SearchAction\",\"target\":{\"@type\":\"EntryPoint\",\"urlTemplate\":\"https:\\\/\\\/comuna.pt\\\/pt-pt\\\/?s={search_term_string}\"},\"query-input\":{\"@type\":\"PropertyValueSpecification\",\"valueRequired\":true,\"valueName\":\"search_term_string\"}}],\"inLanguage\":\"pt-PT\"},{\"@type\":\"Organization\",\"@id\":\"https:\\\/\\\/comuna.pt\\\/pt-pt\\\/#organization\",\"name\":\"Comuna Rental House\",\"url\":\"https:\\\/\\\/comuna.pt\\\/pt-pt\\\/\",\"logo\":{\"@type\":\"ImageObject\",\"inLanguage\":\"pt-PT\",\"@id\":\"https:\\\/\\\/comuna.pt\\\/pt-pt\\\/#\\\/schema\\\/logo\\\/image\\\/\",\"url\":\"https:\\\/\\\/comuna.pt\\\/wp-content\\\/uploads\\\/2024\\\/03\\\/comuna_logo_website.png\",\"contentUrl\":\"https:\\\/\\\/comuna.pt\\\/wp-content\\\/uploads\\\/2024\\\/03\\\/comuna_logo_website.png\",\"width\":2000,\"height\":262,\"caption\":\"Comuna Rental House\"},\"image\":{\"@id\":\"https:\\\/\\\/comuna.pt\\\/pt-pt\\\/#\\\/schema\\\/logo\\\/image\\\/\"},\"sameAs\":[\"http:\\\/\\\/facebook.com\\\/comuna.rental\",\"https:\\\/\\\/www.instagram.com\\\/comuna_rental\",\"https:\\\/\\\/www.linkedin.com\\\/company\\\/96410498\"]}]}<\/script>\n<meta property=\"product:price:amount\" content=\"8.00\" \/>\n<meta property=\"product:price:currency\" content=\"EUR\" \/>\n<meta property=\"og:availability\" content=\"instock\" \/>\n<meta property=\"product:availability\" content=\"instock\" \/>\n<meta property=\"product:condition\" content=\"new\" \/>\n<!-- \/ Yoast SEO Premium plugin. -->","yoast_head_json":{"title":"Kit C-Stand 30\" S-Leg | Comuna Studios &amp; Equipment Rental","robots":{"index":"index","follow":"follow","max-snippet":"max-snippet:-1","max-image-preview":"max-image-preview:large","max-video-preview":"max-video-preview:-1"},"canonical":"https:\/\/comuna.pt\/pt-pt\/product\/kit-c-stand-30-s-leg\/","og_locale":"pt_PT","og_type":"article","og_title":"Kit C-Stand 30\" S-Leg","og_description":"&nbsp;  Trip\u00e9 com p\u00e9 deslizante  P\u00e9 deslizante permite uso em superf\u00edcies irregulares \/ degraus  Encaixe superior: espig\u00e3o (spigot) 5\/8\" (16 mm)  Altura m\u00edn.: 134 cm  Altura m\u00e1x.: 328 cm  Carga m\u00e1x.: 10 kg  Di\u00e2metro do tubo do trip\u00e9: 35\/30\/25 mm  Di\u00e2metro da perna do trip\u00e9: 25 mm  Pegada da base: 95 cm  Material: A\u00e7o  Peso: 5,5 kg  Cor: Prateado","og_url":"https:\/\/comuna.pt\/pt-pt\/product\/kit-c-stand-30-s-leg\/","og_site_name":"Comuna Studios &amp; Equipment Rental","article_publisher":"http:\/\/facebook.com\/comuna.rental","article_modified_time":"2026-03-03T13:42:47+00:00","og_image":[{"width":600,"height":600,"url":"https:\/\/comuna.pt\/wp-content\/uploads\/2023\/06\/14367623_800.jpg","type":"image\/jpeg"}],"twitter_card":"summary_large_image","twitter_misc":{"pre\u00e7o":"&euro;8,00 + 23% VAT","Disponibilidade":"Em stock"},"schema":{"@context":"https:\/\/schema.org","@graph":[{"@type":["WebPage","ItemPage"],"@id":"https:\/\/comuna.pt\/pt-pt\/product\/kit-c-stand-30-s-leg\/","url":"https:\/\/comuna.pt\/pt-pt\/product\/kit-c-stand-30-s-leg\/","name":"Kit C-Stand 30\" S-Leg | Comuna Studios &amp; Equipment Rental","isPartOf":{"@id":"https:\/\/comuna.pt\/pt-pt\/#website"},"primaryImageOfPage":{"@id":"https:\/\/comuna.pt\/pt-pt\/product\/kit-c-stand-30-s-leg\/#primaryimage"},"image":{"@id":"https:\/\/comuna.pt\/pt-pt\/product\/kit-c-stand-30-s-leg\/#primaryimage"},"thumbnailUrl":"https:\/\/comuna.pt\/wp-content\/uploads\/2023\/06\/14367623_800.jpg","datePublished":"2023-06-23T10:46:17+00:00","dateModified":"2026-03-03T13:42:47+00:00","breadcrumb":{"@id":"https:\/\/comuna.pt\/pt-pt\/product\/kit-c-stand-30-s-leg\/#breadcrumb"},"inLanguage":"pt-PT","potentialAction":[{"@type":"ReadAction","target":["https:\/\/comuna.pt\/pt-pt\/product\/kit-c-stand-30-s-leg\/"]}]},{"@type":"ImageObject","inLanguage":"pt-PT","@id":"https:\/\/comuna.pt\/pt-pt\/product\/kit-c-stand-30-s-leg\/#primaryimage","url":"https:\/\/comuna.pt\/wp-content\/uploads\/2023\/06\/14367623_800.jpg","contentUrl":"https:\/\/comuna.pt\/wp-content\/uploads\/2023\/06\/14367623_800.jpg","width":600,"height":600},{"@type":"BreadcrumbList","@id":"https:\/\/comuna.pt\/pt-pt\/product\/kit-c-stand-30-s-leg\/#breadcrumb","itemListElement":[{"@type":"ListItem","position":1,"name":"Home","item":"https:\/\/comuna.pt\/pt-pt\/"},{"@type":"ListItem","position":2,"name":"Produtos"},{"@type":"ListItem","position":3,"name":"Grip e Trip\u00e9s","item":"https:\/\/comuna.pt\/pt-pt\/Categoria\/grip-e-tripes\/"},{"@type":"ListItem","position":4,"name":"Kit C-Stand 30&#8243; S-Leg"}]},{"@type":"WebSite","@id":"https:\/\/comuna.pt\/pt-pt\/#website","url":"https:\/\/comuna.pt\/pt-pt\/","name":"Comuna Rental House","description":"Photo studios, Podcast &amp; Equipment Rental","publisher":{"@id":"https:\/\/comuna.pt\/pt-pt\/#organization"},"alternateName":"Comuna Filmmaking Equipment Rental","potentialAction":[{"@type":"SearchAction","target":{"@type":"EntryPoint","urlTemplate":"https:\/\/comuna.pt\/pt-pt\/?s={search_term_string}"},"query-input":{"@type":"PropertyValueSpecification","valueRequired":true,"valueName":"search_term_string"}}],"inLanguage":"pt-PT"},{"@type":"Organization","@id":"https:\/\/comuna.pt\/pt-pt\/#organization","name":"Comuna Rental House","url":"https:\/\/comuna.pt\/pt-pt\/","logo":{"@type":"ImageObject","inLanguage":"pt-PT","@id":"https:\/\/comuna.pt\/pt-pt\/#\/schema\/logo\/image\/","url":"https:\/\/comuna.pt\/wp-content\/uploads\/2024\/03\/comuna_logo_website.png","contentUrl":"https:\/\/comuna.pt\/wp-content\/uploads\/2024\/03\/comuna_logo_website.png","width":2000,"height":262,"caption":"Comuna Rental House"},"image":{"@id":"https:\/\/comuna.pt\/pt-pt\/#\/schema\/logo\/image\/"},"sameAs":["http:\/\/facebook.com\/comuna.rental","https:\/\/www.instagram.com\/comuna_rental","https:\/\/www.linkedin.com\/company\/96410498"]}]},"product_price_amount":"8.00","product_price_currency":"EUR","og_availability":"instock","product_availability":"instock","product_condition":"new"},"_links":{"self":[{"href":"https:\/\/comuna.pt\/pt-pt\/wp-json\/wp\/v2\/product\/16092","targetHints":{"allow":["GET"]}}],"collection":[{"href":"https:\/\/comuna.pt\/pt-pt\/wp-json\/wp\/v2\/product"}],"about":[{"href":"https:\/\/comuna.pt\/pt-pt\/wp-json\/wp\/v2\/types\/product"}],"version-history":[{"count":8,"href":"https:\/\/comuna.pt\/pt-pt\/wp-json\/wp\/v2\/product\/16092\/revisions"}],"predecessor-version":[{"id":21338,"href":"https:\/\/comuna.pt\/pt-pt\/wp-json\/wp\/v2\/product\/16092\/revisions\/21338"}],"wp:featuredmedia":[{"embeddable":true,"href":"https:\/\/comuna.pt\/pt-pt\/wp-json\/wp\/v2\/media\/16098"}],"wp:attachment":[{"href":"https:\/\/comuna.pt\/pt-pt\/wp-json\/wp\/v2\/media?parent=16092"}],"wp:term":[{"taxonomy":"product_brand","embeddable":true,"href":"https:\/\/comuna.pt\/pt-pt\/wp-json\/wp\/v2\/product_brand?post=16092"},{"taxonomy":"product_cat","embeddable":true,"href":"https:\/\/comuna.pt\/pt-pt\/wp-json\/wp\/v2\/product_cat?post=16092"},{"taxonomy":"product_tag","embeddable":true,"href":"https:\/\/comuna.pt\/pt-pt\/wp-json\/wp\/v2\/product_tag?post=16092"}],"curies":[{"name":"wp","href":"https:\/\/api.w.org\/{rel}","templated":true}]}}