{"id":15982,"date":"2023-04-26T15:56:03","date_gmt":"2023-04-26T14:56:03","guid":{"rendered":"https:\/\/comuna.pt\/aluguer-red-komodo-lisboa\/"},"modified":"2026-01-25T19:36:51","modified_gmt":"2026-01-25T19:36:51","slug":"aluguer-red-komodo-lisboa","status":"publish","type":"page","link":"https:\/\/comuna.pt\/pt-pt\/aluguer-red-komodo-lisboa\/","title":{"rendered":"Aluguer RED Komodo Lisboa"},"content":{"rendered":"\n<div class=\"wp-block-group is-layout-constrained wp-block-group-is-layout-constrained\">\n<h1 class=\"wp-block-heading\">ALUGUER DE C\u00c2MARA RED KOMODO EM LISBOA<\/h1>\n<\/div>\n\n<div class=\"wp-block-group is-layout-constrained wp-block-group-is-layout-constrained\">\n<div class=\"wp-block-group alignwide is-layout-constrained wp-block-group-is-layout-constrained\">\n<div class=\"wp-block-group alignfull is-layout-constrained wp-block-group-is-layout-constrained\">\n<div class=\"wp-block-media-text alignfull is-stacked-on-mobile is-image-fill\" style=\"margin-right:0;margin-left:0;padding-top:0;padding-right:0;padding-bottom:0;padding-left:0;grid-template-columns:66% auto\"><figure class=\"wp-block-media-text__media\" style=\"background-image:url(http:\/\/comuna.pt\/wp-content\/uploads\/2023\/05\/ffdfdfdf-2.jpg);background-position:51% 36%\"><img decoding=\"async\" src=\"http:\/\/comuna.pt\/wp-content\/uploads\/2023\/05\/ffdfdfdf-2.jpg\" alt=\"RED Komodo for rent in Lisbon, Portugal\" class=\"wp-image-268 size-full\"\/><\/figure><div class=\"wp-block-media-text__content\">\n<p style=\"font-size:14px\">A <strong><a href=\"https:\/\/www.red.com\/komodo\">RED Komodo<\/a><\/strong> est\u00e1 dispon\u00edvel para aluguer na nossa Rental House em Lisboa. \u00c9 uma c\u00e2mara de cinema compacta que possui um sensor 6K Super35 e pode filmar <strong>at\u00e9 40 fps<\/strong> na resolu\u00e7\u00e3o m\u00e1xima.<\/p>\n\n\n\n<p style=\"font-size:14px\">Oferece uma qualidade de imagem impressionante num formato pequeno, tornando-a ideal para cen\u00e1rios de filmagem &#8220;run-and-gun&#8221;. A c\u00e2mara possui um <strong>mount de objetiva Canon RF<\/strong> integrado e pode ser facilmente equipada (rigged) com uma variedade de acess\u00f3rios.<\/p>\n\n\n\n<p style=\"font-size:14px\">Com a sua interface amig\u00e1vel, a <strong>RED Komodo<\/strong> \u00e9 uma excelente op\u00e7\u00e3o para cineastas que procuram uma c\u00e2mara de alta qualidade, f\u00e1cil de usar e capaz de entregar resultados de n\u00edvel profissional.<\/p>\n<\/div><\/div>\n<\/div>\n<\/div>\n<\/div>\n\n<div style=\"height:9px\" aria-hidden=\"true\" class=\"wp-block-spacer\"><\/div>\n\n<div class=\"wp-block-group alignfull is-layout-constrained wp-block-group-is-layout-constrained\">\n<div class=\"wp-block-group alignfull is-content-justification-center is-layout-constrained wp-block-group-is-layout-constrained\">\n<div class=\"wp-block-cover alignwide is-light\" style=\"border-style:none;border-width:0px;font-size:0px;line-height:0.8;min-height:333px;aspect-ratio:unset;\"><span aria-hidden=\"true\" class=\"wp-block-cover__background has-background-dim-0 has-background-dim\"><\/span><img decoding=\"async\" class=\"wp-block-cover__image-background wp-image-333\" alt=\"RED Komodo camera rent Lisbon\" src=\"http:\/\/comuna.pt\/wp-content\/uploads\/2023\/05\/124A8656-2-1.jpg\" style=\"object-position:75% 43%\" data-object-fit=\"cover\" data-object-position=\"75% 43%\"\/><div class=\"wp-block-cover__inner-container is-layout-constrained wp-container-core-cover-is-layout-588e6013 wp-block-cover-is-layout-constrained\">\n<p class=\"has-text-align-left has-foreground-color has-text-color has-raleway-font-family has-large-font-size\">ENCOMENDAR AGORA<\/p>\n\n\n<div class=\"booqable-product-button\" data-id=\"red-komodo\"><\/div>\n<\/div><\/div>\n<\/div>\n<\/div>\n\n<div style=\"height:34px\" aria-hidden=\"true\" class=\"wp-block-spacer\"><\/div>\n\n<div class=\"wp-block-group alignwide is-layout-constrained wp-container-core-group-is-layout-f36bc466 wp-block-group-is-layout-constrained\">\n<p>As principais caracter\u00edsticas e especifica\u00e7\u00f5es da RED Komodo incluem:<\/p>\n\n\n\n<div class=\"wp-block-media-text has-media-on-the-right is-stacked-on-mobile is-vertically-aligned-center is-image-fill\" style=\"padding-top:0;padding-right:0;padding-bottom:0;padding-left:0;grid-template-columns:auto 34%\"><div class=\"wp-block-media-text__content\">\n<ul class=\"wp-block-list\" style=\"padding-top:0;padding-right:0;padding-bottom:0;padding-left:0\">\n<li><strong>Sensor:<\/strong> A c\u00e2mara possui um sensor 6K Super35, capaz de capturar imagens e v\u00eddeos de alta resolu\u00e7\u00e3o.<\/li>\n\n\n\n<li><strong>Taxas de Fotogramas:<\/strong> A Komodo pode filmar at\u00e9 40 fotogramas por segundo (fps) na sua resolu\u00e7\u00e3o total de 6K, tornando-a adequada para capturar a\u00e7\u00e3o r\u00e1pida e planos em c\u00e2mara lenta.<\/li>\n\n\n\n<li><strong>Qualidade de Imagem:<\/strong> Com a reputa\u00e7\u00e3o da RED em qualidade de imagem, a Komodo entrega uma gama din\u00e2mica impressionante, precis\u00e3o de cor e uma est\u00e9tica cinematogr\u00e1fica geral.<\/li>\n\n\n\n<li><strong>Formato:<\/strong> O tamanho compacto e o design leve da c\u00e2mara tornam-na ideal para cen\u00e1rios de filmagem &#8220;run-and-gun&#8221;, document\u00e1rios e situa\u00e7\u00f5es onde a mobilidade \u00e9 crucial.<\/li>\n<\/ul>\n<\/div><figure class=\"wp-block-media-text__media\" style=\"background-image:url(http:\/\/comuna.pt\/wp-content\/uploads\/2023\/08\/124A8802-1-1024x683.jpg);background-position:78% 16%\"><img decoding=\"async\" src=\"http:\/\/comuna.pt\/wp-content\/uploads\/2023\/08\/124A8802-1-1024x683.jpg\" alt=\"\" class=\"wp-image-2133 size-full\"\/><\/figure><\/div>\n<\/div>\n\n<div style=\"height:47px\" aria-hidden=\"true\" class=\"wp-block-spacer\"><\/div>\n\n<div class=\"wp-block-group is-layout-constrained wp-block-group-is-layout-constrained\">\n<div class=\"wp-block-media-text is-stacked-on-mobile is-vertically-aligned-top is-image-fill\" style=\"grid-template-columns:34% auto\"><figure class=\"wp-block-media-text__media\" style=\"background-image:url(http:\/\/comuna.pt\/wp-content\/uploads\/2023\/08\/124A8670-683x1024.jpg);background-position:50% 50%\"><img decoding=\"async\" src=\"http:\/\/comuna.pt\/wp-content\/uploads\/2023\/08\/124A8670-683x1024.jpg\" alt=\"RED Komodo for rent in Lisbon, Portugal\" class=\"wp-image-2138 size-full\"\/><\/figure><div class=\"wp-block-media-text__content\">\n<ul class=\"wp-block-list\" style=\"padding-top:0;padding-right:0;padding-bottom:0;padding-left:0\">\n<li><strong>Mount de Objetiva:<\/strong> A RED Komodo est\u00e1 equipada com um mount Canon RF integrado, permitindo o uso com uma variedade de objetivas da linha Canon RF e, potencialmente, outras objetivas com adaptadores.<\/li>\n\n\n\n<li><strong>Acess\u00f3rios:<\/strong> A c\u00e2mara foi concebida para ser facilmente equipada com v\u00e1rios acess\u00f3rios, aumentando a sua versatilidade para diferentes configura\u00e7\u00f5es de filmagem.<\/li>\n\n\n\n<li><strong>Interface de Utilizador:<\/strong> A RED Komodo \u00e9 conhecida pela sua interface amig\u00e1vel, concebida para tornar a navega\u00e7\u00e3o nas defini\u00e7\u00f5es e controlos mais intuitiva para os cineastas.<\/li>\n\n\n\n<li><strong>Aluguer:<\/strong> A RED Komodo est\u00e1 dispon\u00edvel para aluguer na nossa rental house, dando aos cineastas a oportunidade de usar esta c\u00e2mara sem ter de investir na sua compra.<\/li>\n<\/ul>\n<\/div><\/div>\n<\/div>\n\n<div class=\"wp-block-group is-content-justification-center is-layout-constrained wp-container-core-group-is-layout-0f099a41 wp-block-group-is-layout-constrained\" style=\"padding-top:var(--wp--preset--spacing--40);padding-right:0;padding-bottom:0;padding-left:0\">\n<div class=\"wp-block-columns is-layout-flex wp-container-core-columns-is-layout-28f84493 wp-block-columns-is-layout-flex\">\n<div class=\"wp-block-column is-vertically-aligned-top is-layout-flow wp-container-core-column-is-layout-9467688a wp-block-column-is-layout-flow\" style=\"border-style:none;border-width:0px;padding-top:var(--wp--preset--spacing--40);padding-right:var(--wp--preset--spacing--40);padding-bottom:0;padding-left:0;flex-basis:23%\">\n<p class=\"has-text-align-center\"><strong>O que est\u00e1 inclu\u00eddo:<\/strong><\/p>\n\n\n\n<ul class=\"wp-block-list\">\n<li>PortKeys BM5 MKIII WR Monitor<\/li>\n\n\n\n<li>8Sin top handle<\/li>\n\n\n\n<li>V-lock plate mount<\/li>\n\n\n\n<li>2x cart\u00f5es 512 GB<\/li>\n\n\n\n<li>2x baterias V-lock 98 Wh<\/li>\n\n\n\n<li>4x baterias BP-955<\/li>\n\n\n\n<li>tripod head mount c\/ varas de 15 mm<\/li>\n\n\n\n<li>Wooden Camera PL mount<\/li>\n\n\n\n<li>Canon EF mount<\/li>\n<\/ul>\n<\/div>\n\n\n\n<div class=\"wp-block-column is-vertically-aligned-top is-layout-flow wp-block-column-is-layout-flow\" style=\"padding-left:var(--wp--preset--spacing--80);flex-basis:66%\">\n<div class=\"wp-block-jetpack-slideshow aligncenter\" data-autoplay=\"true\" data-delay=\"5\" data-effect=\"slide\"><div class=\"wp-block-jetpack-slideshow_container swiper-container\"><ul class=\"wp-block-jetpack-slideshow_swiper-wrapper swiper-wrapper\"><li class=\"wp-block-jetpack-slideshow_slide swiper-slide\"><figure><img decoding=\"async\" alt=\"Red Komodo for Rent in Lisbon, Portugal\" class=\"wp-block-jetpack-slideshow_image wp-image-311\" data-id=\"311\" src=\"http:\/\/comuna.pt\/wp-content\/uploads\/2023\/05\/124A8594-1.jpg\"\/><\/figure><\/li><li class=\"wp-block-jetpack-slideshow_slide swiper-slide\"><figure><img decoding=\"async\" alt=\"\" class=\"wp-block-jetpack-slideshow_image wp-image-312\" data-id=\"312\" src=\"http:\/\/comuna.pt\/wp-content\/uploads\/2023\/05\/124A8595-1.jpg\"\/><\/figure><\/li><li class=\"wp-block-jetpack-slideshow_slide swiper-slide\"><figure><img decoding=\"async\" alt=\"\" class=\"wp-block-jetpack-slideshow_image wp-image-313\" data-id=\"313\" src=\"http:\/\/comuna.pt\/wp-content\/uploads\/2023\/05\/124A8599-2.jpg\"\/><\/figure><\/li><li class=\"wp-block-jetpack-slideshow_slide swiper-slide\"><figure><img decoding=\"async\" alt=\"\" class=\"wp-block-jetpack-slideshow_image wp-image-310\" data-id=\"310\" src=\"http:\/\/comuna.pt\/wp-content\/uploads\/2023\/05\/124A8598-1.jpg\"\/><\/figure><\/li><li class=\"wp-block-jetpack-slideshow_slide swiper-slide\"><figure><img decoding=\"async\" alt=\"\" class=\"wp-block-jetpack-slideshow_image wp-image-315\" data-id=\"315\" src=\"http:\/\/comuna.pt\/wp-content\/uploads\/2023\/05\/124A8601-1.jpg\"\/><\/figure><\/li><li class=\"wp-block-jetpack-slideshow_slide swiper-slide\"><figure><img decoding=\"async\" alt=\"\" class=\"wp-block-jetpack-slideshow_image wp-image-316\" data-id=\"316\" src=\"http:\/\/comuna.pt\/wp-content\/uploads\/2023\/05\/124A8608.jpg\"\/><\/figure><\/li><li class=\"wp-block-jetpack-slideshow_slide swiper-slide\"><figure><img decoding=\"async\" alt=\"\" class=\"wp-block-jetpack-slideshow_image wp-image-317\" data-id=\"317\" src=\"http:\/\/comuna.pt\/wp-content\/uploads\/2023\/05\/124A8616-1.jpg\"\/><\/figure><\/li><li class=\"wp-block-jetpack-slideshow_slide swiper-slide\"><figure><img decoding=\"async\" alt=\"\" class=\"wp-block-jetpack-slideshow_image wp-image-318\" data-id=\"318\" src=\"http:\/\/comuna.pt\/wp-content\/uploads\/2023\/05\/124A8618-1.jpg\"\/><\/figure><\/li><li class=\"wp-block-jetpack-slideshow_slide swiper-slide\"><figure><img decoding=\"async\" alt=\"\" class=\"wp-block-jetpack-slideshow_image wp-image-319\" data-id=\"319\" src=\"http:\/\/comuna.pt\/wp-content\/uploads\/2023\/05\/124A8627-1.jpg\"\/><\/figure><\/li><li class=\"wp-block-jetpack-slideshow_slide swiper-slide\"><figure><img decoding=\"async\" alt=\"\" class=\"wp-block-jetpack-slideshow_image wp-image-320\" data-id=\"320\" src=\"http:\/\/comuna.pt\/wp-content\/uploads\/2023\/05\/124A8606-1.jpg\"\/><\/figure><\/li><\/ul><a class=\"wp-block-jetpack-slideshow_button-prev swiper-button-prev swiper-button-white\" role=\"button\"><\/a><a class=\"wp-block-jetpack-slideshow_button-next swiper-button-next swiper-button-white\" role=\"button\"><\/a><a aria-label=\"Pause Slideshow\" class=\"wp-block-jetpack-slideshow_button-pause\" role=\"button\"><\/a><div class=\"wp-block-jetpack-slideshow_pagination swiper-pagination swiper-pagination-white\"><\/div><\/div><\/div>\n<\/div>\n<\/div>\n<\/div>\n\n<p class=\"has-text-align-center\" style=\"font-size:22px\">EM ADI\u00c7\u00c3O COM UMA C\u00c2MARA<\/p>\n\n<div class=\"wp-block-group is-layout-constrained wp-container-core-group-is-layout-9bbe97bb wp-block-group-is-layout-constrained\">\n<div class=\"wp-block-group is-layout-constrained wp-block-group-is-layout-constrained\">\n<div class=\"wp-block-group is-layout-constrained wp-block-group-is-layout-constrained\">\n<div class=\"wp-block-group is-layout-constrained wp-block-group-is-layout-constrained\">\n<div class=\"wp-block-group is-layout-constrained wp-container-core-group-is-layout-4383d167 wp-block-group-is-layout-constrained\">\n<div class=\"wp-block-group is-layout-constrained wp-block-group-is-layout-constrained\">\n<div class=\"wp-block-group is-content-justification-right is-layout-constrained wp-container-core-group-is-layout-f1f2ed93 wp-block-group-is-layout-constrained\">\n<div class=\"wp-block-group is-layout-constrained wp-block-group-is-layout-constrained\">\n<div class=\"wp-block-group is-layout-constrained wp-block-group-is-layout-constrained\"><div class=\"booqable-product-list\" data-tags=\"WITH-RED-KOMODO\"   data-per=\"10\"  data-show-search=\"false\" ><\/div>\n<\/div>\n<\/div>\n<\/div>\n<\/div>\n<\/div>\n<\/div>\n<\/div>\n<\/div>\n<\/div>\n","protected":false},"excerpt":{"rendered":"<p>ALUGUER DE C\u00c2MARA RED KOMODO EM LISBOA A RED Komodo est\u00e1 dispon\u00edvel para aluguer na nossa Rental House em Lisboa. \u00c9 uma c\u00e2mara de cinema compacta que possui um sensor 6K Super35 e pode filmar at\u00e9 40 fps na resolu\u00e7\u00e3o m\u00e1xima. Oferece uma qualidade de imagem impressionante num formato pequeno, tornando-a ideal para cen\u00e1rios de [&hellip;]<\/p>\n","protected":false},"author":233335622,"featured_media":0,"parent":0,"menu_order":0,"comment_status":"closed","ping_status":"closed","template":"","meta":{"footnotes":""},"class_list":["post-15982","page","type-page","status-publish","hentry"],"yoast_head":"<!-- This site is optimized with the Yoast SEO Premium plugin v27.4 (Yoast SEO v27.4) - https:\/\/yoast.com\/product\/yoast-seo-premium-wordpress\/ -->\n<title>Aluguer RED Komodo Lisboa | Comuna Studios &amp; Equipment Rental<\/title>\n<meta name=\"robots\" content=\"index, follow, max-snippet:-1, max-image-preview:large, max-video-preview:-1\" \/>\n<link rel=\"canonical\" href=\"https:\/\/comuna.pt\/pt-pt\/aluguer-red-komodo-lisboa\/\" \/>\n<meta property=\"og:locale\" content=\"pt_PT\" \/>\n<meta property=\"og:type\" content=\"article\" \/>\n<meta property=\"og:title\" content=\"Aluguer RED Komodo Lisboa\" \/>\n<meta property=\"og:description\" content=\"ALUGUER DE C\u00c2MARA RED KOMODO EM LISBOA A RED Komodo est\u00e1 dispon\u00edvel para aluguer na nossa Rental House em Lisboa. \u00c9 uma c\u00e2mara de cinema compacta que possui um sensor 6K Super35 e pode filmar at\u00e9 40 fps na resolu\u00e7\u00e3o m\u00e1xima. Oferece uma qualidade de imagem impressionante num formato pequeno, tornando-a ideal para cen\u00e1rios de [&hellip;]\" \/>\n<meta property=\"og:url\" content=\"https:\/\/comuna.pt\/pt-pt\/aluguer-red-komodo-lisboa\/\" \/>\n<meta property=\"og:site_name\" content=\"Comuna Studios &amp; Equipment Rental\" \/>\n<meta property=\"article:publisher\" content=\"http:\/\/facebook.com\/comuna.rental\" \/>\n<meta property=\"article:modified_time\" content=\"2026-01-25T19:36:51+00:00\" \/>\n<meta property=\"og:image\" content=\"http:\/\/comuna.pt\/wp-content\/uploads\/2023\/05\/ffdfdfdf-2.jpg\" \/>\n<meta name=\"twitter:card\" content=\"summary_large_image\" \/>\n<meta name=\"twitter:label1\" content=\"Tempo estimado de leitura\" \/>\n\t<meta name=\"twitter:data1\" content=\"2 minutos\" \/>\n<script type=\"application\/ld+json\" class=\"yoast-schema-graph\">{\"@context\":\"https:\\\/\\\/schema.org\",\"@graph\":[{\"@type\":\"WebPage\",\"@id\":\"https:\\\/\\\/comuna.pt\\\/pt-pt\\\/aluguer-red-komodo-lisboa\\\/\",\"url\":\"https:\\\/\\\/comuna.pt\\\/pt-pt\\\/aluguer-red-komodo-lisboa\\\/\",\"name\":\"Aluguer RED Komodo Lisboa | Comuna Studios &amp; Equipment Rental\",\"isPartOf\":{\"@id\":\"https:\\\/\\\/comuna.pt\\\/pt-pt\\\/#website\"},\"primaryImageOfPage\":{\"@id\":\"https:\\\/\\\/comuna.pt\\\/pt-pt\\\/aluguer-red-komodo-lisboa\\\/#primaryimage\"},\"image\":{\"@id\":\"https:\\\/\\\/comuna.pt\\\/pt-pt\\\/aluguer-red-komodo-lisboa\\\/#primaryimage\"},\"thumbnailUrl\":\"http:\\\/\\\/comuna.pt\\\/wp-content\\\/uploads\\\/2023\\\/05\\\/ffdfdfdf-2.jpg\",\"datePublished\":\"2023-04-26T14:56:03+00:00\",\"dateModified\":\"2026-01-25T19:36:51+00:00\",\"breadcrumb\":{\"@id\":\"https:\\\/\\\/comuna.pt\\\/pt-pt\\\/aluguer-red-komodo-lisboa\\\/#breadcrumb\"},\"inLanguage\":\"pt-PT\",\"potentialAction\":[{\"@type\":\"ReadAction\",\"target\":[\"https:\\\/\\\/comuna.pt\\\/pt-pt\\\/aluguer-red-komodo-lisboa\\\/\"]}]},{\"@type\":\"ImageObject\",\"inLanguage\":\"pt-PT\",\"@id\":\"https:\\\/\\\/comuna.pt\\\/pt-pt\\\/aluguer-red-komodo-lisboa\\\/#primaryimage\",\"url\":\"http:\\\/\\\/comuna.pt\\\/wp-content\\\/uploads\\\/2023\\\/05\\\/ffdfdfdf-2.jpg\",\"contentUrl\":\"http:\\\/\\\/comuna.pt\\\/wp-content\\\/uploads\\\/2023\\\/05\\\/ffdfdfdf-2.jpg\"},{\"@type\":\"BreadcrumbList\",\"@id\":\"https:\\\/\\\/comuna.pt\\\/pt-pt\\\/aluguer-red-komodo-lisboa\\\/#breadcrumb\",\"itemListElement\":[{\"@type\":\"ListItem\",\"position\":1,\"name\":\"Home\",\"item\":\"https:\\\/\\\/comuna.pt\\\/pt-pt\\\/\"},{\"@type\":\"ListItem\",\"position\":2,\"name\":\"Aluguer RED Komodo Lisboa\"}]},{\"@type\":\"WebSite\",\"@id\":\"https:\\\/\\\/comuna.pt\\\/pt-pt\\\/#website\",\"url\":\"https:\\\/\\\/comuna.pt\\\/pt-pt\\\/\",\"name\":\"Comuna Rental House\",\"description\":\"Photo studios, Podcast &amp; Equipment Rental\",\"publisher\":{\"@id\":\"https:\\\/\\\/comuna.pt\\\/pt-pt\\\/#organization\"},\"alternateName\":\"Comuna Filmmaking Equipment Rental\",\"potentialAction\":[{\"@type\":\"SearchAction\",\"target\":{\"@type\":\"EntryPoint\",\"urlTemplate\":\"https:\\\/\\\/comuna.pt\\\/pt-pt\\\/?s={search_term_string}\"},\"query-input\":{\"@type\":\"PropertyValueSpecification\",\"valueRequired\":true,\"valueName\":\"search_term_string\"}}],\"inLanguage\":\"pt-PT\"},{\"@type\":\"Organization\",\"@id\":\"https:\\\/\\\/comuna.pt\\\/pt-pt\\\/#organization\",\"name\":\"Comuna Rental House\",\"url\":\"https:\\\/\\\/comuna.pt\\\/pt-pt\\\/\",\"logo\":{\"@type\":\"ImageObject\",\"inLanguage\":\"pt-PT\",\"@id\":\"https:\\\/\\\/comuna.pt\\\/pt-pt\\\/#\\\/schema\\\/logo\\\/image\\\/\",\"url\":\"https:\\\/\\\/comuna.pt\\\/wp-content\\\/uploads\\\/2024\\\/03\\\/comuna_logo_website.png\",\"contentUrl\":\"https:\\\/\\\/comuna.pt\\\/wp-content\\\/uploads\\\/2024\\\/03\\\/comuna_logo_website.png\",\"width\":2000,\"height\":262,\"caption\":\"Comuna Rental House\"},\"image\":{\"@id\":\"https:\\\/\\\/comuna.pt\\\/pt-pt\\\/#\\\/schema\\\/logo\\\/image\\\/\"},\"sameAs\":[\"http:\\\/\\\/facebook.com\\\/comuna.rental\",\"https:\\\/\\\/www.instagram.com\\\/comuna_rental\",\"https:\\\/\\\/www.linkedin.com\\\/company\\\/96410498\"]}]}<\/script>\n<!-- \/ Yoast SEO Premium plugin. -->","yoast_head_json":{"title":"Aluguer RED Komodo Lisboa | Comuna Studios &amp; Equipment Rental","robots":{"index":"index","follow":"follow","max-snippet":"max-snippet:-1","max-image-preview":"max-image-preview:large","max-video-preview":"max-video-preview:-1"},"canonical":"https:\/\/comuna.pt\/pt-pt\/aluguer-red-komodo-lisboa\/","og_locale":"pt_PT","og_type":"article","og_title":"Aluguer RED Komodo Lisboa","og_description":"ALUGUER DE C\u00c2MARA RED KOMODO EM LISBOA A RED Komodo est\u00e1 dispon\u00edvel para aluguer na nossa Rental House em Lisboa. \u00c9 uma c\u00e2mara de cinema compacta que possui um sensor 6K Super35 e pode filmar at\u00e9 40 fps na resolu\u00e7\u00e3o m\u00e1xima. Oferece uma qualidade de imagem impressionante num formato pequeno, tornando-a ideal para cen\u00e1rios de [&hellip;]","og_url":"https:\/\/comuna.pt\/pt-pt\/aluguer-red-komodo-lisboa\/","og_site_name":"Comuna Studios &amp; Equipment Rental","article_publisher":"http:\/\/facebook.com\/comuna.rental","article_modified_time":"2026-01-25T19:36:51+00:00","og_image":[{"url":"http:\/\/comuna.pt\/wp-content\/uploads\/2023\/05\/ffdfdfdf-2.jpg","type":"","width":"","height":""}],"twitter_card":"summary_large_image","twitter_misc":{"Tempo estimado de leitura":"2 minutos"},"schema":{"@context":"https:\/\/schema.org","@graph":[{"@type":"WebPage","@id":"https:\/\/comuna.pt\/pt-pt\/aluguer-red-komodo-lisboa\/","url":"https:\/\/comuna.pt\/pt-pt\/aluguer-red-komodo-lisboa\/","name":"Aluguer RED Komodo Lisboa | Comuna Studios &amp; Equipment Rental","isPartOf":{"@id":"https:\/\/comuna.pt\/pt-pt\/#website"},"primaryImageOfPage":{"@id":"https:\/\/comuna.pt\/pt-pt\/aluguer-red-komodo-lisboa\/#primaryimage"},"image":{"@id":"https:\/\/comuna.pt\/pt-pt\/aluguer-red-komodo-lisboa\/#primaryimage"},"thumbnailUrl":"http:\/\/comuna.pt\/wp-content\/uploads\/2023\/05\/ffdfdfdf-2.jpg","datePublished":"2023-04-26T14:56:03+00:00","dateModified":"2026-01-25T19:36:51+00:00","breadcrumb":{"@id":"https:\/\/comuna.pt\/pt-pt\/aluguer-red-komodo-lisboa\/#breadcrumb"},"inLanguage":"pt-PT","potentialAction":[{"@type":"ReadAction","target":["https:\/\/comuna.pt\/pt-pt\/aluguer-red-komodo-lisboa\/"]}]},{"@type":"ImageObject","inLanguage":"pt-PT","@id":"https:\/\/comuna.pt\/pt-pt\/aluguer-red-komodo-lisboa\/#primaryimage","url":"http:\/\/comuna.pt\/wp-content\/uploads\/2023\/05\/ffdfdfdf-2.jpg","contentUrl":"http:\/\/comuna.pt\/wp-content\/uploads\/2023\/05\/ffdfdfdf-2.jpg"},{"@type":"BreadcrumbList","@id":"https:\/\/comuna.pt\/pt-pt\/aluguer-red-komodo-lisboa\/#breadcrumb","itemListElement":[{"@type":"ListItem","position":1,"name":"Home","item":"https:\/\/comuna.pt\/pt-pt\/"},{"@type":"ListItem","position":2,"name":"Aluguer RED Komodo Lisboa"}]},{"@type":"WebSite","@id":"https:\/\/comuna.pt\/pt-pt\/#website","url":"https:\/\/comuna.pt\/pt-pt\/","name":"Comuna Rental House","description":"Photo studios, Podcast &amp; Equipment Rental","publisher":{"@id":"https:\/\/comuna.pt\/pt-pt\/#organization"},"alternateName":"Comuna Filmmaking Equipment Rental","potentialAction":[{"@type":"SearchAction","target":{"@type":"EntryPoint","urlTemplate":"https:\/\/comuna.pt\/pt-pt\/?s={search_term_string}"},"query-input":{"@type":"PropertyValueSpecification","valueRequired":true,"valueName":"search_term_string"}}],"inLanguage":"pt-PT"},{"@type":"Organization","@id":"https:\/\/comuna.pt\/pt-pt\/#organization","name":"Comuna Rental House","url":"https:\/\/comuna.pt\/pt-pt\/","logo":{"@type":"ImageObject","inLanguage":"pt-PT","@id":"https:\/\/comuna.pt\/pt-pt\/#\/schema\/logo\/image\/","url":"https:\/\/comuna.pt\/wp-content\/uploads\/2024\/03\/comuna_logo_website.png","contentUrl":"https:\/\/comuna.pt\/wp-content\/uploads\/2024\/03\/comuna_logo_website.png","width":2000,"height":262,"caption":"Comuna Rental House"},"image":{"@id":"https:\/\/comuna.pt\/pt-pt\/#\/schema\/logo\/image\/"},"sameAs":["http:\/\/facebook.com\/comuna.rental","https:\/\/www.instagram.com\/comuna_rental","https:\/\/www.linkedin.com\/company\/96410498"]}]}},"_links":{"self":[{"href":"https:\/\/comuna.pt\/pt-pt\/wp-json\/wp\/v2\/pages\/15982","targetHints":{"allow":["GET"]}}],"collection":[{"href":"https:\/\/comuna.pt\/pt-pt\/wp-json\/wp\/v2\/pages"}],"about":[{"href":"https:\/\/comuna.pt\/pt-pt\/wp-json\/wp\/v2\/types\/page"}],"author":[{"embeddable":true,"href":"https:\/\/comuna.pt\/pt-pt\/wp-json\/wp\/v2\/users\/233335622"}],"replies":[{"embeddable":true,"href":"https:\/\/comuna.pt\/pt-pt\/wp-json\/wp\/v2\/comments?post=15982"}],"version-history":[{"count":1,"href":"https:\/\/comuna.pt\/pt-pt\/wp-json\/wp\/v2\/pages\/15982\/revisions"}],"predecessor-version":[{"id":16018,"href":"https:\/\/comuna.pt\/pt-pt\/wp-json\/wp\/v2\/pages\/15982\/revisions\/16018"}],"wp:attachment":[{"href":"https:\/\/comuna.pt\/pt-pt\/wp-json\/wp\/v2\/media?parent=15982"}],"curies":[{"name":"wp","href":"https:\/\/api.w.org\/{rel}","templated":true}]}}